{"id":6810,"date":"2022-12-08T22:01:25","date_gmt":"2022-12-08T19:01:25","guid":{"rendered":"https:\/\/arslanprofil.com\/%d8%ad%d8%af%d9%8a%d8%af-%d8%a7%d9%84%d8%aa%d8%b3%d9%84%d9%8a%d8%ad\/"},"modified":"2023-08-09T10:18:30","modified_gmt":"2023-08-09T07:18:30","slug":"%d8%ad%d8%af%d9%8a%d8%af-%d8%a7%d9%84%d8%aa%d8%b3%d9%84%d9%8a%d8%ad","status":"publish","type":"page","link":"https:\/\/arslanprofil.com\/ar\/%d8%ad%d8%af%d9%8a%d8%af-%d8%a7%d9%84%d8%aa%d8%b3%d9%84%d9%8a%d8%ad\/","title":{"rendered":"\u062d\u062f\u064a\u062f \u0627\u0644\u062a\u0633\u0644\u064a\u062d"},"content":{"rendered":"<div class=\"fusion-fullwidth fullwidth-box fusion-builder-row-1 fusion-flex-container has-pattern-background has-mask-background nonhundred-percent-fullwidth non-hundred-percent-height-scrolling\" style=\"background-color: rgba(255,255,255,0);background-position: center center;background-repeat: no-repeat;border-width: 0px 0px 0px 0px;border-color:var(--awb-color3);border-style:solid;\" ><div class=\"fusion-builder-row fusion-row fusion-flex-align-items-flex-start\" style=\"max-width:calc( 1200px + 80px );margin-left: calc(-80px \/ 2 );margin-right: calc(-80px \/ 2 );\"><div class=\"fusion-layout-column fusion_builder_column fusion-builder-column-0 fusion_builder_column_1_3 1_3 fusion-flex-column\"><div class=\"fusion-column-wrapper fusion-flex-justify-content-flex-start fusion-content-layout-column\" style=\"background-position:left top;background-repeat:no-repeat;-webkit-background-size:cover;-moz-background-size:cover;-o-background-size:cover;background-size:cover;padding: 0px 0px 0px 0px;\"><div class=\"fusion-flip-boxes flip-boxes row fusion-columns-1 flip-effect-3d\"><div class=\"fusion-flip-box-wrapper fusion-column col-lg-12 col-md-12 col-sm-12\"><div class=\"fusion-flip-box flip-down\" tabindex=\"0\"><div class=\"flip-box-inner-wrapper\"><div class=\"flip-box-front\" style=\"background-color:var(--awb-color7);border-color:rgba(0,0,0,0);border-radius:8px;border-style:solid;border-width:1px;color:var(--awb-color6);transition-duration:0.8s;background-image: url(&#039;https:\/\/arslanprofil.com\/wp-content\/uploads\/2022\/12\/insaat-demiri.jpg&#039;);\"><div class=\"flip-box-front-inner\"><\/div><\/div><div class=\"flip-box-back\" style=\"background-color:var(--awb-color4);border-color:rgba(0,0,0,0);border-radius:8px;border-style:solid;border-width:1px;color:hsla(var(--awb-color1-h),var(--awb-color1-s),var(--awb-color1-l),calc( var(--awb-color1-a) - 20% ));transition-duration:0.8s;\"><div class=\"flip-box-back-inner\">\n<ul>\n<li style=\"text-align: left; font-size: 12px;\">\u0627\u0644\u062d\u062c\u0645: \u0627\u0644\u062d\u062f \u0627\u0644\u0623\u062f\u0646\u0649 8 \u0645\u0645 &#8211; \u0627\u0644\u062d\u062f \u0627\u0644\u0623\u0642\u0635\u0649 32 \u0645\u0645<\/li>\n<li style=\"text-align: left; font-size: 12px;\">\u0627\u0644\u0637\u0648\u0644: 4000 \u0645\u0645 &#8211; 1200 \u0645\u0645<\/li>\n<li style=\"text-align: left; font-size: 12px;\">\u0648\u0632\u0646 \u0627\u0644\u062d\u0632\u0645\u0629: \u0645\u0627\u0643\u0633 3 \u0637\u0646<\/li>\n<li style=\"text-align: left; font-size: 11px;\">\u062c\u0648\u062f\u0629: \u0627\u0644\u0623\u0645\u0631\u064a\u0643\u064a\u0629 \/ \u0627\u0644\u0643\u0646\u062f\u064a\u0629 \/ \u064a\u0648\u0631\u0648\u0646\u0648\u0631\u0645 \/ \u0627\u0644\u0628\u0631\u064a\u0637\u0627\u0646\u064a\u0629 \/ \u0627\u0644\u0623\u0644\u0645\u0627\u0646\u064a\u0629 \/ \u0627\u0644\u0625\u0633\u0631\u0627\u0626\u064a\u0644\u064a\u0629 \/ \u0627\u0644\u0645\u063a\u0631\u0628 \/ \u0627\u0644\u0628\u0631\u062a\u063a\u0627\u0644\u064a\u0629 \/ \u0627\u0644\u0639\u0631\u0627\u0642 \/ \u0627\u0644\u0625\u062b\u064a\u0648\u0628\u064a\u0629 \/ \u0627\u0644\u064a\u0627\u0628\u0627\u0646\u064a\u0629 \/ \u0627\u0644\u0643\u0648\u0631\u064a\u0629 \u0627\u0644\u0645\u0639\u0627\u064a\u064a\u0631<\/li>\n<\/ul>\n<\/div><\/div><\/div><\/div><\/div><\/div><style type=\"text\/css\">@media only screen and (max-width:1024px) {.fusion-title.fusion-title-1{margin-top:-20px!important; margin-right:0px!important;margin-bottom:15px!important;margin-left:0px!important;}}@media only screen and (max-width:640px) {.fusion-title.fusion-title-1{margin-top:10px!important; margin-right:0px!important;margin-bottom:10px!important; margin-left:0px!important;}}<\/style><div class=\"fusion-title title fusion-title-1 fusion-sep-none fusion-title-center fusion-title-text fusion-title-size-three\" style=\"font-size:20px;margin-top:-20px;margin-right:0px;margin-bottom:15px;margin-left:0px;\"><h3 class=\"title-heading-center\" style=\"margin:0;font-size:1em;text-transform:capitalize;\">\u062d\u062f\u064a\u062f \u0627\u0644\u062a\u0633\u0644\u064a\u062d<\/h3><\/div><\/div><style type=\"text\/css\">.fusion-body .fusion-builder-column-0{width:33.333333333333% !important;margin-top : 0px;margin-bottom : 20px;}.fusion-builder-column-0 > .fusion-column-wrapper {padding-top : 0px !important;padding-right : 0px !important;margin-right : 40px;padding-bottom : 0px !important;padding-left : 0px !important;margin-left : 40px;}@media only screen and (max-width:1024px) {.fusion-body .fusion-builder-column-0{width:33.333333333333% !important;order : 0;}.fusion-builder-column-0 > .fusion-column-wrapper {margin-right : 40px;margin-left : 40px;}}@media only screen and (max-width:640px) {.fusion-body .fusion-builder-column-0{width:100% !important;order : 0;}.fusion-builder-column-0 > .fusion-column-wrapper {margin-right : 40px;margin-left : 40px;}}<\/style><\/div><div class=\"fusion-layout-column fusion_builder_column fusion-builder-column-1 fusion_builder_column_1_3 1_3 fusion-flex-column\"><div class=\"fusion-column-wrapper fusion-flex-justify-content-flex-start fusion-content-layout-column\" style=\"background-position:left top;background-repeat:no-repeat;-webkit-background-size:cover;-moz-background-size:cover;-o-background-size:cover;background-size:cover;padding: 0px 0px 0px 0px;\"><div class=\"fusion-flip-boxes flip-boxes row fusion-columns-1 flip-effect-3d\"><div class=\"fusion-flip-box-wrapper fusion-column col-lg-12 col-md-12 col-sm-12\"><div class=\"fusion-flip-box flip-down\" tabindex=\"0\"><div class=\"flip-box-inner-wrapper\"><div class=\"flip-box-front\" style=\"background-color:var(--awb-color7);border-color:rgba(0,0,0,0);border-radius:8px;border-style:solid;border-width:1px;color:var(--awb-color6);transition-duration:0.8s;background-image: url(&#039;https:\/\/arslanprofil.com\/wp-content\/uploads\/2022\/12\/Filmasin_Demir-1-1.jpg&#039;);\"><div class=\"flip-box-front-inner\"><\/div><\/div><div class=\"flip-box-back\" style=\"background-color:var(--awb-color4);border-color:rgba(0,0,0,0);border-radius:8px;border-style:solid;border-width:1px;color:hsla(var(--awb-color1-h),var(--awb-color1-s),var(--awb-color1-l),calc( var(--awb-color1-a) - 20% ));transition-duration:0.8s;\"><div class=\"flip-box-back-inner\">\n<ul>\n<li style=\"text-align: left; font-size: 13px;\">\u0627\u0644\u062d\u062c\u0645: \u0627\u0644\u062d\u062f \u0627\u0644\u0623\u062f\u0646\u0649 5.5 \u0645\u0645 &#8211; \u0627\u0644\u062d\u062f \u0627\u0644\u0623\u0642\u0635\u0649 16 \u0645\u0645<\/li>\n<li style=\"text-align: left; font-size: 13px;\">\u0648\u0632\u0646 \u0627\u0644\u062d\u0632\u0645\u0629: \u0645\u0627\u0643\u0633 5 \u0637\u0646<\/li>\n<li style=\"text-align: left; font-size: 13px;\">\u0627\u0644\u0637\u0648\u0644: 4 \u2013 12 \u0645\u062a\u0631<\/li>\n<li style=\"text-align: left; font-size: 13px;\">\u062c\u0648\u062f\u0629: DIN17100 \u060c EN10025 \u060c ST37-2 \u060c SAE1012 \u060c SAE1010 \u060c SAE1008 \u060c SAE1006 \u060c BS449 GR250<\/li>\n<\/ul>\n<\/div><\/div><\/div><\/div><\/div><\/div><style type=\"text\/css\">@media only screen and (max-width:1024px) {.fusion-title.fusion-title-2{margin-top:-20px!important; margin-right:0px!important;margin-bottom:15px!important;margin-left:0px!important;}}@media only screen and (max-width:640px) {.fusion-title.fusion-title-2{margin-top:10px!important; margin-right:0px!important;margin-bottom:10px!important; margin-left:0px!important;}}<\/style><div class=\"fusion-title title fusion-title-2 fusion-sep-none fusion-title-center fusion-title-text fusion-title-size-three\" style=\"font-size:20px;margin-top:-20px;margin-right:0px;margin-bottom:15px;margin-left:0px;\"><h3 class=\"title-heading-center\" style=\"margin:0;font-size:1em;text-transform:capitalize;\">\u0641\u064a\u0644\u0645<\/h3><\/div><\/div><style type=\"text\/css\">.fusion-body .fusion-builder-column-1{width:33.333333333333% !important;margin-top : 0px;margin-bottom : 20px;}.fusion-builder-column-1 > .fusion-column-wrapper {padding-top : 0px !important;padding-right : 0px !important;margin-right : 40px;padding-bottom : 0px !important;padding-left : 0px !important;margin-left : 40px;}@media only screen and (max-width:1024px) {.fusion-body .fusion-builder-column-1{width:33.333333333333% !important;order : 0;}.fusion-builder-column-1 > .fusion-column-wrapper {margin-right : 40px;margin-left : 40px;}}@media only screen and (max-width:640px) {.fusion-body .fusion-builder-column-1{width:100% !important;order : 0;}.fusion-builder-column-1 > .fusion-column-wrapper {margin-right : 40px;margin-left : 40px;}}<\/style><\/div><div class=\"fusion-layout-column fusion_builder_column fusion-builder-column-2 fusion_builder_column_1_3 1_3 fusion-flex-column\"><div class=\"fusion-column-wrapper fusion-flex-justify-content-flex-start fusion-content-layout-column\" style=\"background-position:left top;background-repeat:no-repeat;-webkit-background-size:cover;-moz-background-size:cover;-o-background-size:cover;background-size:cover;padding: 0px 0px 0px 0px;\"><div class=\"fusion-flip-boxes flip-boxes row fusion-columns-1 flip-effect-3d\"><div class=\"fusion-flip-box-wrapper fusion-column col-lg-12 col-md-12 col-sm-12\"><div class=\"fusion-flip-box flip-down\" tabindex=\"0\"><div class=\"flip-box-inner-wrapper\"><div class=\"flip-box-front\" style=\"background-color:var(--awb-color7);border-color:rgba(0,0,0,0);border-radius:8px;border-style:solid;border-width:1px;color:var(--awb-color6);transition-duration:0.8s;background-image: url(&#039;https:\/\/arslanprofil.com\/wp-content\/uploads\/2022\/12\/celik-hasir.jpg&#039;);\"><div class=\"flip-box-front-inner\"><\/div><\/div><div class=\"flip-box-back\" style=\"background-color:var(--awb-color4);border-color:rgba(0,0,0,0);border-radius:8px;border-style:solid;border-width:1px;color:hsla(var(--awb-color1-h),var(--awb-color1-s),var(--awb-color1-l),calc( var(--awb-color1-a) - 20% ));transition-duration:0.8s;\"><div class=\"flip-box-back-inner\">\n<ul>\n<li style=\"text-align: left; font-size: 13px;\">\u0648\u0632\u0646 \u0627\u0644\u062d\u0632\u0645\u0629: \u0645\u0627\u0643\u0633 5 \u0637\u0646<\/li>\n<\/ul>\n<div class=\"fusion-separator fusion-full-width-sep\" style=\"align-self: center;margin-left: auto;margin-right: auto;margin-top:70px;margin-bottom:70px;width:100%;\"><\/div><\/div><\/div><\/div><\/div><\/div><\/div><style type=\"text\/css\">@media only screen and (max-width:1024px) {.fusion-title.fusion-title-3{margin-top:-20px!important; margin-right:0px!important;margin-bottom:15px!important;margin-left:0px!important;}}@media only screen and (max-width:640px) {.fusion-title.fusion-title-3{margin-top:10px!important; margin-right:0px!important;margin-bottom:10px!important; margin-left:0px!important;}}<\/style><div class=\"fusion-title title fusion-title-3 fusion-sep-none fusion-title-center fusion-title-text fusion-title-size-three\" style=\"font-size:20px;margin-top:-20px;margin-right:0px;margin-bottom:15px;margin-left:0px;\"><h3 class=\"title-heading-center\" style=\"margin:0;font-size:1em;text-transform:capitalize;\">\u0634\u0628\u0643\u0629 \u0623\u0633\u0644\u0627\u0643 \u0627\u0644\u0641\u0648\u0644\u0627\u0630<\/h3><\/div><\/div><style type=\"text\/css\">.fusion-body .fusion-builder-column-2{width:33.333333333333% !important;margin-top : 0px;margin-bottom : 20px;}.fusion-builder-column-2 > .fusion-column-wrapper {padding-top : 0px !important;padding-right : 0px !important;margin-right : 40px;padding-bottom : 0px !important;padding-left : 0px !important;margin-left : 40px;}@media only screen and (max-width:1024px) {.fusion-body .fusion-builder-column-2{width:33.333333333333% !important;order : 0;}.fusion-builder-column-2 > .fusion-column-wrapper {margin-right : 40px;margin-left : 40px;}}@media only screen and (max-width:640px) {.fusion-body .fusion-builder-column-2{width:100% !important;order : 0;}.fusion-builder-column-2 > .fusion-column-wrapper {margin-right : 40px;margin-left : 40px;}}<\/style><\/div><\/div><style type=\"text\/css\">.fusion-body .fusion-flex-container.fusion-builder-row-1{ padding-top : 0px;margin-top : 0px;padding-right : 0px;padding-bottom : 0px;margin-bottom : 0px;padding-left : 0px;}<\/style><\/div>\n","protected":false},"excerpt":{"rendered":"","protected":false},"author":2,"featured_media":0,"parent":0,"menu_order":0,"comment_status":"closed","ping_status":"closed","template":"100-width.php","meta":{"inline_featured_image":false,"_joinchat":[],"footnotes":""},"class_list":["post-6810","page","type-page","status-publish","hentry"],"yoast_head":"<!-- This site is optimized with the Yoast SEO plugin v22.8 - https:\/\/yoast.com\/wordpress\/plugins\/seo\/ -->\n<title>\u062d\u062f\u064a\u062f \u0627\u0644\u062a\u0633\u0644\u064a\u062d - Arslan Profil<\/title>\n<meta name=\"robots\" content=\"index, follow, max-snippet:-1, max-image-preview:large, max-video-preview:-1\" \/>\n<link rel=\"canonical\" href=\"https:\/\/arslanprofil.com\/ar\/\u062d\u062f\u064a\u062f-\u0627\u0644\u062a\u0633\u0644\u064a\u062d\/\" \/>\n<meta property=\"og:locale\" content=\"ar_AR\" \/>\n<meta property=\"og:type\" content=\"article\" \/>\n<meta property=\"og:title\" content=\"\u062d\u062f\u064a\u062f \u0627\u0644\u062a\u0633\u0644\u064a\u062d - Arslan Profil\" \/>\n<meta property=\"og:url\" content=\"https:\/\/arslanprofil.com\/ar\/\u062d\u062f\u064a\u062f-\u0627\u0644\u062a\u0633\u0644\u064a\u062d\/\" \/>\n<meta property=\"og:site_name\" content=\"Arslan Profil\" \/>\n<meta property=\"article:modified_time\" content=\"2023-08-09T07:18:30+00:00\" \/>\n<meta name=\"twitter:card\" content=\"summary_large_image\" \/>\n<meta name=\"twitter:label1\" content=\"\u0648\u0642\u062a \u0627\u0644\u0642\u0631\u0627\u0621\u0629 \u0627\u0644\u0645\u064f\u0642\u062f\u0651\u0631\" \/>\n\t<meta name=\"twitter:data1\" content=\"13 \u062f\u0642\u064a\u0642\u0629\" \/>\n<script type=\"application\/ld+json\" class=\"yoast-schema-graph\">{\"@context\":\"https:\/\/schema.org\",\"@graph\":[{\"@type\":\"WebPage\",\"@id\":\"https:\/\/arslanprofil.com\/ar\/%d8%ad%d8%af%d9%8a%d8%af-%d8%a7%d9%84%d8%aa%d8%b3%d9%84%d9%8a%d8%ad\/\",\"url\":\"https:\/\/arslanprofil.com\/ar\/%d8%ad%d8%af%d9%8a%d8%af-%d8%a7%d9%84%d8%aa%d8%b3%d9%84%d9%8a%d8%ad\/\",\"name\":\"\u062d\u062f\u064a\u062f \u0627\u0644\u062a\u0633\u0644\u064a\u062d - Arslan Profil\",\"isPartOf\":{\"@id\":\"https:\/\/arslanprofil.com\/en\/#website\"},\"datePublished\":\"2022-12-08T19:01:25+00:00\",\"dateModified\":\"2023-08-09T07:18:30+00:00\",\"breadcrumb\":{\"@id\":\"https:\/\/arslanprofil.com\/ar\/%d8%ad%d8%af%d9%8a%d8%af-%d8%a7%d9%84%d8%aa%d8%b3%d9%84%d9%8a%d8%ad\/#breadcrumb\"},\"inLanguage\":\"ar\",\"potentialAction\":[{\"@type\":\"ReadAction\",\"target\":[\"https:\/\/arslanprofil.com\/ar\/%d8%ad%d8%af%d9%8a%d8%af-%d8%a7%d9%84%d8%aa%d8%b3%d9%84%d9%8a%d8%ad\/\"]}]},{\"@type\":\"BreadcrumbList\",\"@id\":\"https:\/\/arslanprofil.com\/ar\/%d8%ad%d8%af%d9%8a%d8%af-%d8%a7%d9%84%d8%aa%d8%b3%d9%84%d9%8a%d8%ad\/#breadcrumb\",\"itemListElement\":[{\"@type\":\"ListItem\",\"position\":1,\"name\":\"Anasayfa\",\"item\":\"https:\/\/arslanprofil.com\/ar\/%d8%b5%d9%81%d8%ad%d8%a9-%d8%b1%d8%a6%d9%8a%d8%b3%d9%8a%d8%a9\/\"},{\"@type\":\"ListItem\",\"position\":2,\"name\":\"\u062d\u062f\u064a\u062f \u0627\u0644\u062a\u0633\u0644\u064a\u062d\"}]},{\"@type\":\"WebSite\",\"@id\":\"https:\/\/arslanprofil.com\/en\/#website\",\"url\":\"https:\/\/arslanprofil.com\/en\/\",\"name\":\"Arslan Profil\",\"description\":\"Profil, Sac, Boru \u0130malat, \u0130thalat ve \u0130hracat\u0131\",\"publisher\":{\"@id\":\"https:\/\/arslanprofil.com\/en\/#organization\"},\"potentialAction\":[{\"@type\":\"SearchAction\",\"target\":{\"@type\":\"EntryPoint\",\"urlTemplate\":\"https:\/\/arslanprofil.com\/en\/?s={search_term_string}\"},\"query-input\":\"required name=search_term_string\"}],\"inLanguage\":\"ar\"},{\"@type\":\"Organization\",\"@id\":\"https:\/\/arslanprofil.com\/en\/#organization\",\"name\":\"Arslan Profil\",\"url\":\"https:\/\/arslanprofil.com\/en\/\",\"logo\":{\"@type\":\"ImageObject\",\"inLanguage\":\"ar\",\"@id\":\"https:\/\/arslanprofil.com\/en\/#\/schema\/logo\/image\/\",\"url\":\"https:\/\/arslanprofil.com\/wp-content\/uploads\/2022\/12\/arslan-profil-logo.png\",\"contentUrl\":\"https:\/\/arslanprofil.com\/wp-content\/uploads\/2022\/12\/arslan-profil-logo.png\",\"width\":356,\"height\":62,\"caption\":\"Arslan Profil\"},\"image\":{\"@id\":\"https:\/\/arslanprofil.com\/en\/#\/schema\/logo\/image\/\"}}]}<\/script>\n<!-- \/ Yoast SEO plugin. -->","yoast_head_json":{"title":"\u062d\u062f\u064a\u062f \u0627\u0644\u062a\u0633\u0644\u064a\u062d - Arslan Profil","robots":{"index":"index","follow":"follow","max-snippet":"max-snippet:-1","max-image-preview":"max-image-preview:large","max-video-preview":"max-video-preview:-1"},"canonical":"https:\/\/arslanprofil.com\/ar\/\u062d\u062f\u064a\u062f-\u0627\u0644\u062a\u0633\u0644\u064a\u062d\/","og_locale":"ar_AR","og_type":"article","og_title":"\u062d\u062f\u064a\u062f \u0627\u0644\u062a\u0633\u0644\u064a\u062d - Arslan Profil","og_url":"https:\/\/arslanprofil.com\/ar\/\u062d\u062f\u064a\u062f-\u0627\u0644\u062a\u0633\u0644\u064a\u062d\/","og_site_name":"Arslan Profil","article_modified_time":"2023-08-09T07:18:30+00:00","twitter_card":"summary_large_image","twitter_misc":{"\u0648\u0642\u062a \u0627\u0644\u0642\u0631\u0627\u0621\u0629 \u0627\u0644\u0645\u064f\u0642\u062f\u0651\u0631":"13 \u062f\u0642\u064a\u0642\u0629"},"schema":{"@context":"https:\/\/schema.org","@graph":[{"@type":"WebPage","@id":"https:\/\/arslanprofil.com\/ar\/%d8%ad%d8%af%d9%8a%d8%af-%d8%a7%d9%84%d8%aa%d8%b3%d9%84%d9%8a%d8%ad\/","url":"https:\/\/arslanprofil.com\/ar\/%d8%ad%d8%af%d9%8a%d8%af-%d8%a7%d9%84%d8%aa%d8%b3%d9%84%d9%8a%d8%ad\/","name":"\u062d\u062f\u064a\u062f \u0627\u0644\u062a\u0633\u0644\u064a\u062d - Arslan Profil","isPartOf":{"@id":"https:\/\/arslanprofil.com\/en\/#website"},"datePublished":"2022-12-08T19:01:25+00:00","dateModified":"2023-08-09T07:18:30+00:00","breadcrumb":{"@id":"https:\/\/arslanprofil.com\/ar\/%d8%ad%d8%af%d9%8a%d8%af-%d8%a7%d9%84%d8%aa%d8%b3%d9%84%d9%8a%d8%ad\/#breadcrumb"},"inLanguage":"ar","potentialAction":[{"@type":"ReadAction","target":["https:\/\/arslanprofil.com\/ar\/%d8%ad%d8%af%d9%8a%d8%af-%d8%a7%d9%84%d8%aa%d8%b3%d9%84%d9%8a%d8%ad\/"]}]},{"@type":"BreadcrumbList","@id":"https:\/\/arslanprofil.com\/ar\/%d8%ad%d8%af%d9%8a%d8%af-%d8%a7%d9%84%d8%aa%d8%b3%d9%84%d9%8a%d8%ad\/#breadcrumb","itemListElement":[{"@type":"ListItem","position":1,"name":"Anasayfa","item":"https:\/\/arslanprofil.com\/ar\/%d8%b5%d9%81%d8%ad%d8%a9-%d8%b1%d8%a6%d9%8a%d8%b3%d9%8a%d8%a9\/"},{"@type":"ListItem","position":2,"name":"\u062d\u062f\u064a\u062f \u0627\u0644\u062a\u0633\u0644\u064a\u062d"}]},{"@type":"WebSite","@id":"https:\/\/arslanprofil.com\/en\/#website","url":"https:\/\/arslanprofil.com\/en\/","name":"Arslan Profil","description":"Profil, Sac, Boru \u0130malat, \u0130thalat ve \u0130hracat\u0131","publisher":{"@id":"https:\/\/arslanprofil.com\/en\/#organization"},"potentialAction":[{"@type":"SearchAction","target":{"@type":"EntryPoint","urlTemplate":"https:\/\/arslanprofil.com\/en\/?s={search_term_string}"},"query-input":"required name=search_term_string"}],"inLanguage":"ar"},{"@type":"Organization","@id":"https:\/\/arslanprofil.com\/en\/#organization","name":"Arslan Profil","url":"https:\/\/arslanprofil.com\/en\/","logo":{"@type":"ImageObject","inLanguage":"ar","@id":"https:\/\/arslanprofil.com\/en\/#\/schema\/logo\/image\/","url":"https:\/\/arslanprofil.com\/wp-content\/uploads\/2022\/12\/arslan-profil-logo.png","contentUrl":"https:\/\/arslanprofil.com\/wp-content\/uploads\/2022\/12\/arslan-profil-logo.png","width":356,"height":62,"caption":"Arslan Profil"},"image":{"@id":"https:\/\/arslanprofil.com\/en\/#\/schema\/logo\/image\/"}}]}},"_links":{"self":[{"href":"https:\/\/arslanprofil.com\/ar\/wp-json\/wp\/v2\/pages\/6810","targetHints":{"allow":["GET"]}}],"collection":[{"href":"https:\/\/arslanprofil.com\/ar\/wp-json\/wp\/v2\/pages"}],"about":[{"href":"https:\/\/arslanprofil.com\/ar\/wp-json\/wp\/v2\/types\/page"}],"author":[{"embeddable":true,"href":"https:\/\/arslanprofil.com\/ar\/wp-json\/wp\/v2\/users\/2"}],"replies":[{"embeddable":true,"href":"https:\/\/arslanprofil.com\/ar\/wp-json\/wp\/v2\/comments?post=6810"}],"version-history":[{"count":2,"href":"https:\/\/arslanprofil.com\/ar\/wp-json\/wp\/v2\/pages\/6810\/revisions"}],"predecessor-version":[{"id":6812,"href":"https:\/\/arslanprofil.com\/ar\/wp-json\/wp\/v2\/pages\/6810\/revisions\/6812"}],"wp:attachment":[{"href":"https:\/\/arslanprofil.com\/ar\/wp-json\/wp\/v2\/media?parent=6810"}],"curies":[{"name":"wp","href":"https:\/\/api.w.org\/{rel}","templated":true}]}}