{"id":6746,"date":"2021-01-22T10:57:15","date_gmt":"2021-01-22T07:57:15","guid":{"rendered":"https:\/\/arslanprofil.com\/blog\/"},"modified":"2023-08-09T09:51:50","modified_gmt":"2023-08-09T06:51:50","slug":"blog","status":"publish","type":"page","link":"https:\/\/arslanprofil.com\/en\/blog\/","title":{"rendered":"Blog"},"content":{"rendered":"<div class=\"fusion-fullwidth fullwidth-box fusion-builder-row-1 fusion-flex-container nonhundred-percent-fullwidth non-hundred-percent-height-scrolling\" style=\"background-color: rgba(255,255,255,0);background-position: center center;background-repeat: no-repeat;border-width: 0px 0px 0px 0px;border-color:var(--awb-color3);border-style:solid;\" ><div class=\"fusion-builder-row fusion-row fusion-flex-align-items-flex-start fusion-flex-justify-content-center\" style=\"max-width:calc( 1200px + 80px );margin-left: calc(-80px \/ 2 );margin-right: calc(-80px \/ 2 );\"><div class=\"fusion-layout-column fusion_builder_column fusion-builder-column-0 fusion_builder_column_4_5 4_5 fusion-flex-column fusion-animated\" data-animationType=\"fadeIn\" data-animationDuration=\"1.0\" data-animationOffset=\"top-into-view\"><div class=\"fusion-column-wrapper fusion-flex-justify-content-flex-start fusion-content-layout-column\" style=\"background-position:left top;background-repeat:no-repeat;-webkit-background-size:cover;-moz-background-size:cover;-o-background-size:cover;background-size:cover;padding: 0px 0px 0px 0px;\"><div class=\"fusion-text fusion-text-1 fusion-text-no-margin\" style=\"text-align:center;font-size:var(--awb-typography2-font-size);line-height:var(--awb-typography2-line-height);letter-spacing:var(--awb-typography2-letter-spacing);text-transform:var(--awb-typography2-text-transform);font-family:var(--awb-typography2-font-family);font-weight:var(--awb-typography2-font-weight);font-style:var(--awb-typography2-font-style);margin-bottom:10px;\"><p>the latest from the workshop<\/p>\n<\/div><style type=\"text\/css\">@media only screen and (max-width:1024px) {.fusion-title.fusion-title-1{margin-top:10px!important; margin-right:0px!important;margin-bottom:30px!important;margin-left:0px!important;}}@media only screen and (max-width:640px) {.fusion-title.fusion-title-1{margin-top:10px!important; margin-right:0px!important;margin-bottom:30px!important; margin-left:0px!important;}}<\/style><div class=\"fusion-title title fusion-title-1 fusion-sep-none fusion-title-center fusion-title-text fusion-title-size-two\" style=\"margin-top:10px;margin-right:0px;margin-bottom:30px;margin-left:0px;\"><h2 class=\"title-heading-center\" style=\"margin:0;letter-spacing:-1px;text-transform:capitalize;\">short reads &amp; updates<\/h2><\/div><div class=\"fusion-text fusion-text-2 fusion-text-no-margin\" style=\"text-align:center;margin-right:10%;margin-left:10%;\"><p>Nulla porttitor accumsan tincidunt. Praesent sapien massa, convallis a pellentesque nec, egestas non nisi. Donec sollicitudin molestie. Curabitur aliquet quam id dui posuere blandit quisque velit nisi.<\/p>\n<\/div><\/div><style type=\"text\/css\">.fusion-body .fusion-builder-column-0{width:80% !important;margin-top : 0px;margin-bottom : 10px;}.fusion-builder-column-0 > .fusion-column-wrapper {padding-top : 0px !important;padding-right : 0px !important;margin-right : 40px;padding-bottom : 0px !important;padding-left : 0px !important;margin-left : 40px;}@media only screen and (max-width:1024px) {.fusion-body .fusion-builder-column-0{width:80% !important;order : 0;}.fusion-builder-column-0 > .fusion-column-wrapper {margin-right : 40px;margin-left : 40px;}}@media only screen and (max-width:640px) {.fusion-body .fusion-builder-column-0{width:100% !important;order : 0;margin-bottom : 0px;}.fusion-builder-column-0 > .fusion-column-wrapper {margin-right : 40px;margin-left : 40px;}}<\/style><\/div><div class=\"fusion-layout-column fusion_builder_column fusion-builder-column-1 fusion_builder_column_1_1 1_1 fusion-flex-column\"><div class=\"fusion-column-wrapper fusion-flex-justify-content-flex-start fusion-content-layout-column\" style=\"background-position:left top;background-repeat:no-repeat;-webkit-background-size:cover;-moz-background-size:cover;-o-background-size:cover;background-size:cover;padding: 0px 0px 0px 0px;\"><\/div><style type=\"text\/css\">.fusion-body .fusion-builder-column-1{width:100% !important;margin-top : 70px;margin-bottom : 20px;}.fusion-builder-column-1 > .fusion-column-wrapper {padding-top : 0px !important;padding-right : 0px !important;margin-right : 40px;padding-bottom : 0px !important;padding-left : 0px !important;margin-left : 40px;}@media only screen and (max-width:1024px) {.fusion-body .fusion-builder-column-1{width:100% !important;order : 0;}.fusion-builder-column-1 > .fusion-column-wrapper {margin-right : 40px;margin-left : 40px;}}@media only screen and (max-width:640px) {.fusion-body .fusion-builder-column-1{width:100% !important;order : 0;}.fusion-builder-column-1 > .fusion-column-wrapper {margin-right : 40px;margin-left : 40px;}}<\/style><\/div><\/div><style type=\"text\/css\">.fusion-body .fusion-flex-container.fusion-builder-row-1{ padding-top : 30px;margin-top : 0px;padding-right : 0px;padding-bottom : 90px;margin-bottom : 0px;padding-left : 0px;}@media only screen and (max-width:640px) {.fusion-body .fusion-flex-container.fusion-builder-row-1{ padding-top : 0px;padding-bottom : 30px;}}<\/style><\/div>\n","protected":false},"excerpt":{"rendered":"","protected":false},"author":2,"featured_media":0,"parent":0,"menu_order":0,"comment_status":"closed","ping_status":"closed","template":"100-width.php","meta":{"inline_featured_image":false,"_joinchat":[],"footnotes":""},"class_list":["post-6746","page","type-page","status-publish","hentry"],"yoast_head":"<!-- This site is optimized with the Yoast SEO plugin v22.8 - https:\/\/yoast.com\/wordpress\/plugins\/seo\/ -->\n<title>Blog - Arslan Profil<\/title>\n<meta name=\"robots\" content=\"index, follow, max-snippet:-1, max-image-preview:large, max-video-preview:-1\" \/>\n<link rel=\"canonical\" href=\"https:\/\/arslanprofil.com\/en\/blog\/\" \/>\n<meta property=\"og:locale\" content=\"en_US\" \/>\n<meta property=\"og:type\" content=\"article\" \/>\n<meta property=\"og:title\" content=\"Blog - Arslan Profil\" \/>\n<meta property=\"og:url\" content=\"https:\/\/arslanprofil.com\/en\/blog\/\" \/>\n<meta property=\"og:site_name\" content=\"Arslan Profil\" \/>\n<meta property=\"article:modified_time\" content=\"2023-08-09T06:51:50+00:00\" \/>\n<meta name=\"twitter:card\" content=\"summary_large_image\" \/>\n<meta name=\"twitter:label1\" content=\"Est. reading time\" \/>\n\t<meta name=\"twitter:data1\" content=\"4 minutes\" \/>\n<script type=\"application\/ld+json\" class=\"yoast-schema-graph\">{\"@context\":\"https:\/\/schema.org\",\"@graph\":[{\"@type\":\"WebPage\",\"@id\":\"https:\/\/arslanprofil.com\/en\/blog\/\",\"url\":\"https:\/\/arslanprofil.com\/en\/blog\/\",\"name\":\"Blog - Arslan Profil\",\"isPartOf\":{\"@id\":\"https:\/\/arslanprofil.com\/en\/#website\"},\"datePublished\":\"2021-01-22T07:57:15+00:00\",\"dateModified\":\"2023-08-09T06:51:50+00:00\",\"breadcrumb\":{\"@id\":\"https:\/\/arslanprofil.com\/en\/blog\/#breadcrumb\"},\"inLanguage\":\"en-US\",\"potentialAction\":[{\"@type\":\"ReadAction\",\"target\":[\"https:\/\/arslanprofil.com\/en\/blog\/\"]}]},{\"@type\":\"BreadcrumbList\",\"@id\":\"https:\/\/arslanprofil.com\/en\/blog\/#breadcrumb\",\"itemListElement\":[{\"@type\":\"ListItem\",\"position\":1,\"name\":\"Anasayfa\",\"item\":\"https:\/\/arslanprofil.com\/en\/home-page\/\"},{\"@type\":\"ListItem\",\"position\":2,\"name\":\"Blog\"}]},{\"@type\":\"WebSite\",\"@id\":\"https:\/\/arslanprofil.com\/en\/#website\",\"url\":\"https:\/\/arslanprofil.com\/en\/\",\"name\":\"Arslan Profil\",\"description\":\"Profil, Sac, Boru \u0130malat, \u0130thalat ve \u0130hracat\u0131\",\"publisher\":{\"@id\":\"https:\/\/arslanprofil.com\/en\/#organization\"},\"potentialAction\":[{\"@type\":\"SearchAction\",\"target\":{\"@type\":\"EntryPoint\",\"urlTemplate\":\"https:\/\/arslanprofil.com\/en\/?s={search_term_string}\"},\"query-input\":\"required name=search_term_string\"}],\"inLanguage\":\"en-US\"},{\"@type\":\"Organization\",\"@id\":\"https:\/\/arslanprofil.com\/en\/#organization\",\"name\":\"Arslan Profil\",\"url\":\"https:\/\/arslanprofil.com\/en\/\",\"logo\":{\"@type\":\"ImageObject\",\"inLanguage\":\"en-US\",\"@id\":\"https:\/\/arslanprofil.com\/en\/#\/schema\/logo\/image\/\",\"url\":\"https:\/\/arslanprofil.com\/wp-content\/uploads\/2022\/12\/arslan-profil-logo.png\",\"contentUrl\":\"https:\/\/arslanprofil.com\/wp-content\/uploads\/2022\/12\/arslan-profil-logo.png\",\"width\":356,\"height\":62,\"caption\":\"Arslan Profil\"},\"image\":{\"@id\":\"https:\/\/arslanprofil.com\/en\/#\/schema\/logo\/image\/\"}}]}<\/script>\n<!-- \/ Yoast SEO plugin. -->","yoast_head_json":{"title":"Blog - Arslan Profil","robots":{"index":"index","follow":"follow","max-snippet":"max-snippet:-1","max-image-preview":"max-image-preview:large","max-video-preview":"max-video-preview:-1"},"canonical":"https:\/\/arslanprofil.com\/en\/blog\/","og_locale":"en_US","og_type":"article","og_title":"Blog - Arslan Profil","og_url":"https:\/\/arslanprofil.com\/en\/blog\/","og_site_name":"Arslan Profil","article_modified_time":"2023-08-09T06:51:50+00:00","twitter_card":"summary_large_image","twitter_misc":{"Est. reading time":"4 minutes"},"schema":{"@context":"https:\/\/schema.org","@graph":[{"@type":"WebPage","@id":"https:\/\/arslanprofil.com\/en\/blog\/","url":"https:\/\/arslanprofil.com\/en\/blog\/","name":"Blog - Arslan Profil","isPartOf":{"@id":"https:\/\/arslanprofil.com\/en\/#website"},"datePublished":"2021-01-22T07:57:15+00:00","dateModified":"2023-08-09T06:51:50+00:00","breadcrumb":{"@id":"https:\/\/arslanprofil.com\/en\/blog\/#breadcrumb"},"inLanguage":"en-US","potentialAction":[{"@type":"ReadAction","target":["https:\/\/arslanprofil.com\/en\/blog\/"]}]},{"@type":"BreadcrumbList","@id":"https:\/\/arslanprofil.com\/en\/blog\/#breadcrumb","itemListElement":[{"@type":"ListItem","position":1,"name":"Anasayfa","item":"https:\/\/arslanprofil.com\/en\/home-page\/"},{"@type":"ListItem","position":2,"name":"Blog"}]},{"@type":"WebSite","@id":"https:\/\/arslanprofil.com\/en\/#website","url":"https:\/\/arslanprofil.com\/en\/","name":"Arslan Profil","description":"Profil, Sac, Boru \u0130malat, \u0130thalat ve \u0130hracat\u0131","publisher":{"@id":"https:\/\/arslanprofil.com\/en\/#organization"},"potentialAction":[{"@type":"SearchAction","target":{"@type":"EntryPoint","urlTemplate":"https:\/\/arslanprofil.com\/en\/?s={search_term_string}"},"query-input":"required name=search_term_string"}],"inLanguage":"en-US"},{"@type":"Organization","@id":"https:\/\/arslanprofil.com\/en\/#organization","name":"Arslan Profil","url":"https:\/\/arslanprofil.com\/en\/","logo":{"@type":"ImageObject","inLanguage":"en-US","@id":"https:\/\/arslanprofil.com\/en\/#\/schema\/logo\/image\/","url":"https:\/\/arslanprofil.com\/wp-content\/uploads\/2022\/12\/arslan-profil-logo.png","contentUrl":"https:\/\/arslanprofil.com\/wp-content\/uploads\/2022\/12\/arslan-profil-logo.png","width":356,"height":62,"caption":"Arslan Profil"},"image":{"@id":"https:\/\/arslanprofil.com\/en\/#\/schema\/logo\/image\/"}}]}},"_links":{"self":[{"href":"https:\/\/arslanprofil.com\/en\/wp-json\/wp\/v2\/pages\/6746","targetHints":{"allow":["GET"]}}],"collection":[{"href":"https:\/\/arslanprofil.com\/en\/wp-json\/wp\/v2\/pages"}],"about":[{"href":"https:\/\/arslanprofil.com\/en\/wp-json\/wp\/v2\/types\/page"}],"author":[{"embeddable":true,"href":"https:\/\/arslanprofil.com\/en\/wp-json\/wp\/v2\/users\/2"}],"replies":[{"embeddable":true,"href":"https:\/\/arslanprofil.com\/en\/wp-json\/wp\/v2\/comments?post=6746"}],"version-history":[{"count":1,"href":"https:\/\/arslanprofil.com\/en\/wp-json\/wp\/v2\/pages\/6746\/revisions"}],"predecessor-version":[{"id":6747,"href":"https:\/\/arslanprofil.com\/en\/wp-json\/wp\/v2\/pages\/6746\/revisions\/6747"}],"wp:attachment":[{"href":"https:\/\/arslanprofil.com\/en\/wp-json\/wp\/v2\/media?parent=6746"}],"curies":[{"name":"wp","href":"https:\/\/api.w.org\/{rel}","templated":true}]}}