{"id":6763,"date":"2022-12-19T12:31:50","date_gmt":"2022-12-19T09:31:50","guid":{"rendered":"https:\/\/arslanprofil.com\/galvanized-steel-sheet\/"},"modified":"2023-08-09T10:07:38","modified_gmt":"2023-08-09T07:07:38","slug":"galvanized-steel-sheet","status":"publish","type":"page","link":"https:\/\/arslanprofil.com\/en\/galvanized-steel-sheet\/","title":{"rendered":"Galvanized Steel Sheet"},"content":{"rendered":"<div class=\"fusion-fullwidth fullwidth-box fusion-builder-row-1 fusion-flex-container nonhundred-percent-fullwidth non-hundred-percent-height-scrolling\" style=\"background-color: rgba(255,255,255,0);background-position: center center;background-repeat: no-repeat;border-width: 0px 0px 0px 0px;border-color:var(--awb-color3);border-style:solid;\" ><div class=\"fusion-builder-row fusion-row fusion-flex-align-items-flex-start\" style=\"max-width:calc( 1200px + 80px );margin-left: calc(-80px \/ 2 );margin-right: calc(-80px \/ 2 );\"><div class=\"fusion-layout-column fusion_builder_column fusion-builder-column-0 fusion_builder_column_2_3 2_3 fusion-flex-column\"><div class=\"fusion-column-wrapper fusion-flex-justify-content-flex-start fusion-content-layout-column\" style=\"background-position:left top;background-repeat:no-repeat;-webkit-background-size:cover;-moz-background-size:cover;-o-background-size:cover;background-size:cover;padding: 0px 0px 0px 0px;\"><style type=\"text\/css\">@media only screen and (max-width:1024px) {.fusion-title.fusion-title-1{margin-top:10px!important; margin-right:0px!important;margin-bottom:15px!important;margin-left:0px!important;}}@media only screen and (max-width:640px) {.fusion-title.fusion-title-1{margin-top:10px!important; margin-right:0px!important;margin-bottom:10px!important; margin-left:0px!important;}}<\/style><div class=\"fusion-title title fusion-title-1 fusion-sep-none fusion-title-center fusion-title-text fusion-title-size-two\" style=\"font-size:16px;margin-top:10px;margin-right:0px;margin-bottom:15px;margin-left:0px;\"><h2 class=\"title-heading-center\" style=\"margin:0;font-size:1em;text-transform:capitalize;\">What is Galvanized Steel Sheet (GI)?<\/h2><\/div><div class=\"fusion-text fusion-text-1\"><p>Galvanized sheet is a product obtained by applying metallic zinc coating process on both surfaces of flat steel material produced by different processes in accordance with customer demands.<\/p>\n<p>The galvanized sheet production process involves the application of five main processes &#8211; pre-preparation, annealing, galvanizing, tempering, tension straightening and, depending on demand, oil\/passivation post-treatment &#8211; on the same line and continuously to coil flat steels. In the galvanizing line for galvanized sheet, the coils are hot-dip coated with zinc (GI) or zinc-iron alloy (GA).<\/p>\n<p><strong>Galvanized Steel Sheet (GI) Properties<\/strong><\/p>\n<ul>\n<li>Corrosion Resistance<\/li>\n<li>Can be shaped<\/li>\n<li>Flawless Surface Appearance<\/li>\n<li>Weldability<\/li>\n<li>Dyeability<\/li>\n<\/ul>\n<p>This useful sheet material is preferred by many sectors due to its technical features. The automotive sector is at the forefront of these sectors. This material is also very popular in the automotive industry as well as in the white goods industry.<\/p>\n<p><strong>Galvanized Sheet (GI) Areas of Use<\/strong><\/p>\n<p>Galvanized sheets are used in sectors such as automotive, white goods main and sub-industries, building\/construction; panel, cable tray production, various steel construction production, panels, metal goods, storage and shelf units and ventilation units in many different areas of industry.<\/p>\n<\/div><\/div><style type=\"text\/css\">.fusion-body .fusion-builder-column-0{width:66.666666666667% !important;margin-top : 0px;margin-bottom : 20px;}.fusion-builder-column-0 > .fusion-column-wrapper {padding-top : 0px !important;padding-right : 0px !important;margin-right : 40px;padding-bottom : 0px !important;padding-left : 0px !important;margin-left : 40px;}@media only screen and (max-width:1024px) {.fusion-body .fusion-builder-column-0{width:66.666666666667% !important;order : 0;}.fusion-builder-column-0 > .fusion-column-wrapper {margin-right : 40px;margin-left : 40px;}}@media only screen and (max-width:640px) {.fusion-body .fusion-builder-column-0{width:100% !important;order : 0;}.fusion-builder-column-0 > .fusion-column-wrapper {margin-right : 40px;margin-left : 40px;}}<\/style><\/div><div class=\"fusion-layout-column fusion_builder_column fusion-builder-column-1 awb-sticky awb-sticky-small awb-sticky-medium awb-sticky-large fusion_builder_column_1_3 1_3 fusion-flex-column\"><div class=\"fusion-column-wrapper fusion-flex-justify-content-flex-start fusion-content-layout-column\" style=\"background-position:left top;background-repeat:no-repeat;-webkit-background-size:cover;-moz-background-size:cover;-o-background-size:cover;background-size:cover;padding: 0px 0px 0px 0px;\"><style type=\"text\/css\">@media only screen and (max-width:1024px) {.fusion-title.fusion-title-2{margin-top:10px!important; margin-right:0px!important;margin-bottom:15px!important;margin-left:0px!important;}}@media only screen and (max-width:640px) {.fusion-title.fusion-title-2{margin-top:10px!important; margin-right:0px!important;margin-bottom:10px!important; margin-left:0px!important;}}<\/style><div class=\"fusion-title title fusion-title-2 fusion-sep-none fusion-title-center fusion-title-text fusion-title-size-two\" style=\"font-size:16px;margin-top:10px;margin-right:0px;margin-bottom:15px;margin-left:0px;\"><h2 class=\"title-heading-center\" style=\"margin:0;font-size:1em;text-transform:capitalize;\">GALVANIZED SHEET METAL<\/h2><\/div><div ><style>.imageframe-liftup.imageframe-1:before{border-radius:6px;}<\/style><div class=\"awb-image-frame awb-image-frame-1 imageframe-liftup imageframe-1\"><span class=\" fusion-imageframe imageframe-none imageframe-1\" style=\"border-radius:6px;\"><img decoding=\"async\" width=\"605\" height=\"403\" title=\"Galvanizli-sac-levha-1\" src=\"https:\/\/arslanprofil.com\/wp-content\/uploads\/2022\/12\/Galvanizli-sac-levha-1.jpg\" data-orig-src=\"https:\/\/arslanprofil.com\/wp-content\/uploads\/2022\/12\/Galvanizli-sac-levha-1.jpg\" alt class=\"lazyload img-responsive wp-image-6714\" srcset=\"data:image\/svg+xml,%3Csvg%20xmlns%3D%27http%3A%2F%2Fwww.w3.org%2F2000%2Fsvg%27%20width%3D%27605%27%20height%3D%27403%27%20viewBox%3D%270%200%20605%20403%27%3E%3Crect%20width%3D%27605%27%20height%3D%27403%27%20fill-opacity%3D%220%22%2F%3E%3C%2Fsvg%3E\" data-srcset=\"https:\/\/arslanprofil.com\/wp-content\/uploads\/2022\/12\/Galvanizli-sac-levha-1-200x133.jpg 200w, https:\/\/arslanprofil.com\/wp-content\/uploads\/2022\/12\/Galvanizli-sac-levha-1-400x266.jpg 400w, https:\/\/arslanprofil.com\/wp-content\/uploads\/2022\/12\/Galvanizli-sac-levha-1-600x400.jpg 600w, https:\/\/arslanprofil.com\/wp-content\/uploads\/2022\/12\/Galvanizli-sac-levha-1.jpg 605w\" data-sizes=\"auto\" data-orig-sizes=\"(max-width: 640px) 100vw, 400px\" \/><\/span><\/div><\/div><div class=\"fusion-separator fusion-full-width-sep\" style=\"align-self: center;margin-left: auto;margin-right: auto;margin-top:10px;margin-bottom:10px;width:100%;\"><\/div><div ><style>.imageframe-liftup.imageframe-2:before{border-radius:6px;}<\/style><div class=\"awb-image-frame awb-image-frame-2 imageframe-liftup imageframe-2\"><span class=\" fusion-imageframe imageframe-none imageframe-2\" style=\"border-radius:6px;\"><img decoding=\"async\" width=\"600\" height=\"450\" title=\"Galvanizli-sac-levha-2\" src=\"https:\/\/arslanprofil.com\/wp-content\/uploads\/2022\/12\/Galvanizli-sac-levha-2.jpg\" data-orig-src=\"https:\/\/arslanprofil.com\/wp-content\/uploads\/2022\/12\/Galvanizli-sac-levha-2.jpg\" alt class=\"lazyload img-responsive wp-image-6716\" srcset=\"data:image\/svg+xml,%3Csvg%20xmlns%3D%27http%3A%2F%2Fwww.w3.org%2F2000%2Fsvg%27%20width%3D%27600%27%20height%3D%27450%27%20viewBox%3D%270%200%20600%20450%27%3E%3Crect%20width%3D%27600%27%20height%3D%27450%27%20fill-opacity%3D%220%22%2F%3E%3C%2Fsvg%3E\" data-srcset=\"https:\/\/arslanprofil.com\/wp-content\/uploads\/2022\/12\/Galvanizli-sac-levha-2-200x150.jpg 200w, https:\/\/arslanprofil.com\/wp-content\/uploads\/2022\/12\/Galvanizli-sac-levha-2-400x300.jpg 400w, https:\/\/arslanprofil.com\/wp-content\/uploads\/2022\/12\/Galvanizli-sac-levha-2.jpg 600w\" data-sizes=\"auto\" data-orig-sizes=\"(max-width: 640px) 100vw, 400px\" \/><\/span><\/div><\/div><div class=\"fusion-separator fusion-full-width-sep\" style=\"align-self: center;margin-left: auto;margin-right: auto;margin-top:10px;margin-bottom:10px;width:100%;\"><\/div><ul class=\"fusion-checklist fusion-checklist-1\" style=\"font-size:12px;line-height:20.4px;\"><li style=\"background-color:rgba(255,255,255,0);\" class=\"fusion-li-item\"><span style=\"height:20.4px;width:20.4px;margin-right:8.4px;\" class=\"icon-wrapper circle-no\"><i class=\"fusion-li-icon fa-angle-double-right fas\" style=\"color:var(--awb-color4);\" aria-hidden=\"true\"><\/i><\/span><div class=\"fusion-li-item-content\" style=\"margin-left:28.8px;color:var(--awb-color8);\">\n<p><b>THICKNESS:<\/b> 0.25mm &#8211; 3.00mm<\/p>\n<\/div><\/li><li style=\"background-color:rgba(255,255,255,0);\" class=\"fusion-li-item\"><span style=\"height:20.4px;width:20.4px;margin-right:8.4px;\" class=\"icon-wrapper circle-no\"><i class=\"fusion-li-icon fa-angle-double-right fas\" style=\"color:var(--awb-color4);\" aria-hidden=\"true\"><\/i><\/span><div class=\"fusion-li-item-content\" style=\"margin-left:28.8px;color:var(--awb-color8);\">\n<p><b>EN:<\/b> 800mm &#8211; 1530mm<\/p>\n<\/div><\/li><li style=\"background-color:rgba(255,255,255,0);\" class=\"fusion-li-item\"><span style=\"height:20.4px;width:20.4px;margin-right:8.4px;\" class=\"icon-wrapper circle-no\"><i class=\"fusion-li-icon fa-angle-double-right fas\" style=\"color:var(--awb-color4);\" aria-hidden=\"true\"><\/i><\/span><div class=\"fusion-li-item-content\" style=\"margin-left:28.8px;color:var(--awb-color8);\">\n<p><b>SIZE:<\/b> 1000mm &#8211; 6000mm<\/p>\n<\/div><\/li><li style=\"background-color:rgba(255,255,255,0);\" class=\"fusion-li-item\"><span style=\"height:20.4px;width:20.4px;margin-right:8.4px;\" class=\"icon-wrapper circle-no\"><i class=\"fusion-li-icon fa-angle-double-right fas\" style=\"color:var(--awb-color4);\" aria-hidden=\"true\"><\/i><\/span><div class=\"fusion-li-item-content\" style=\"margin-left:28.8px;color:var(--awb-color8);\">\n<p><b>PACK WEIGHT<\/b>: Max 10 Tons<\/p>\n<\/div><\/li><li style=\"background-color:rgba(255,255,255,0);\" class=\"fusion-li-item\"><span style=\"height:20.4px;width:20.4px;margin-right:8.4px;\" class=\"icon-wrapper circle-no\"><i class=\"fusion-li-icon fa-angle-double-right fas\" style=\"color:var(--awb-color4);\" aria-hidden=\"true\"><\/i><\/span><div class=\"fusion-li-item-content\" style=\"margin-left:28.8px;color:var(--awb-color8);\">\n<p><b>QUALITY<\/b>: DIN EN 10346<\/p>\n<\/div><\/li><\/ul><\/div><style type=\"text\/css\">.fusion-body .fusion-builder-column-1{width:33.333333333333% !important;margin-top : 0px;margin-bottom : 20px;}.fusion-builder-column-1 > .fusion-column-wrapper {padding-top : 0px !important;padding-right : 0px !important;margin-right : 40px;padding-bottom : 0px !important;padding-left : 0px !important;margin-left : 40px;}@media only screen and (max-width:1024px) {.fusion-body .fusion-builder-column-1{width:33.333333333333% !important;order : 0;}.fusion-builder-column-1 > .fusion-column-wrapper {margin-right : 40px;margin-left : 40px;}}@media only screen and (max-width:640px) {.fusion-body .fusion-builder-column-1{width:100% !important;order : 0;}.fusion-builder-column-1 > .fusion-column-wrapper {margin-right : 40px;margin-left : 40px;}}<\/style><\/div><div class=\"fusion-layout-column fusion_builder_column fusion-builder-column-2 fusion_builder_column_1_1 1_1 fusion-flex-column\"><div class=\"fusion-column-wrapper fusion-flex-justify-content-flex-start fusion-content-layout-column\" style=\"background-position:left top;background-repeat:no-repeat;-webkit-background-size:cover;-moz-background-size:cover;-o-background-size:cover;background-size:cover;padding: 0px 0px 0px 0px;\"><div class=\"fusion-separator fusion-full-width-sep\" style=\"align-self: center;margin-left: auto;margin-right: auto;margin-top:20px;margin-bottom:20px;width:100%;\"><div class=\"fusion-separator-border sep-single sep-solid\" style=\"border-color:var(--awb-color3);border-top-width:1px;\"><\/div><\/div><\/div><style type=\"text\/css\">.fusion-body .fusion-builder-column-2{width:100% !important;margin-top : 0px;margin-bottom : 20px;}.fusion-builder-column-2 > .fusion-column-wrapper {padding-top : 0px !important;padding-right : 0px !important;margin-right : 40px;padding-bottom : 0px !important;padding-left : 0px !important;margin-left : 40px;}@media only screen and (max-width:1024px) {.fusion-body .fusion-builder-column-2{width:100% !important;order : 0;}.fusion-builder-column-2 > .fusion-column-wrapper {margin-right : 40px;margin-left : 40px;}}@media only screen and (max-width:640px) {.fusion-body .fusion-builder-column-2{width:100% !important;order : 0;}.fusion-builder-column-2 > .fusion-column-wrapper {margin-right : 40px;margin-left : 40px;}}<\/style><\/div><\/div><style type=\"text\/css\">.fusion-body .fusion-flex-container.fusion-builder-row-1{ padding-top : 0px;margin-top : 0px;padding-right : 0px;padding-bottom : 0px;margin-bottom : 0px;padding-left : 0px;}<\/style><\/div>\n","protected":false},"excerpt":{"rendered":"","protected":false},"author":2,"featured_media":0,"parent":0,"menu_order":0,"comment_status":"closed","ping_status":"closed","template":"100-width.php","meta":{"inline_featured_image":false,"_joinchat":[],"footnotes":""},"class_list":["post-6763","page","type-page","status-publish","hentry"],"yoast_head":"<!-- This site is optimized with the Yoast SEO plugin v22.8 - https:\/\/yoast.com\/wordpress\/plugins\/seo\/ -->\n<title>Galvanized Steel Sheet - Arslan Profil<\/title>\n<meta name=\"robots\" content=\"index, follow, max-snippet:-1, max-image-preview:large, max-video-preview:-1\" \/>\n<link rel=\"canonical\" href=\"https:\/\/arslanprofil.com\/en\/galvanized-steel-sheet\/\" \/>\n<meta property=\"og:locale\" content=\"en_US\" \/>\n<meta property=\"og:type\" content=\"article\" \/>\n<meta property=\"og:title\" content=\"Galvanized Steel Sheet - Arslan Profil\" \/>\n<meta property=\"og:url\" content=\"https:\/\/arslanprofil.com\/en\/galvanized-steel-sheet\/\" \/>\n<meta property=\"og:site_name\" content=\"Arslan Profil\" \/>\n<meta property=\"article:modified_time\" content=\"2023-08-09T07:07:38+00:00\" \/>\n<meta name=\"twitter:card\" content=\"summary_large_image\" \/>\n<meta name=\"twitter:label1\" content=\"Est. reading time\" \/>\n\t<meta name=\"twitter:data1\" content=\"13 minutes\" \/>\n<script type=\"application\/ld+json\" class=\"yoast-schema-graph\">{\"@context\":\"https:\/\/schema.org\",\"@graph\":[{\"@type\":\"WebPage\",\"@id\":\"https:\/\/arslanprofil.com\/en\/galvanized-steel-sheet\/\",\"url\":\"https:\/\/arslanprofil.com\/en\/galvanized-steel-sheet\/\",\"name\":\"Galvanized Steel Sheet - Arslan Profil\",\"isPartOf\":{\"@id\":\"https:\/\/arslanprofil.com\/en\/#website\"},\"datePublished\":\"2022-12-19T09:31:50+00:00\",\"dateModified\":\"2023-08-09T07:07:38+00:00\",\"breadcrumb\":{\"@id\":\"https:\/\/arslanprofil.com\/en\/galvanized-steel-sheet\/#breadcrumb\"},\"inLanguage\":\"en-US\",\"potentialAction\":[{\"@type\":\"ReadAction\",\"target\":[\"https:\/\/arslanprofil.com\/en\/galvanized-steel-sheet\/\"]}]},{\"@type\":\"BreadcrumbList\",\"@id\":\"https:\/\/arslanprofil.com\/en\/galvanized-steel-sheet\/#breadcrumb\",\"itemListElement\":[{\"@type\":\"ListItem\",\"position\":1,\"name\":\"Anasayfa\",\"item\":\"https:\/\/arslanprofil.com\/en\/home-page\/\"},{\"@type\":\"ListItem\",\"position\":2,\"name\":\"Galvanized Steel Sheet\"}]},{\"@type\":\"WebSite\",\"@id\":\"https:\/\/arslanprofil.com\/en\/#website\",\"url\":\"https:\/\/arslanprofil.com\/en\/\",\"name\":\"Arslan Profil\",\"description\":\"Profil, Sac, Boru \u0130malat, \u0130thalat ve \u0130hracat\u0131\",\"publisher\":{\"@id\":\"https:\/\/arslanprofil.com\/en\/#organization\"},\"potentialAction\":[{\"@type\":\"SearchAction\",\"target\":{\"@type\":\"EntryPoint\",\"urlTemplate\":\"https:\/\/arslanprofil.com\/en\/?s={search_term_string}\"},\"query-input\":\"required name=search_term_string\"}],\"inLanguage\":\"en-US\"},{\"@type\":\"Organization\",\"@id\":\"https:\/\/arslanprofil.com\/en\/#organization\",\"name\":\"Arslan Profil\",\"url\":\"https:\/\/arslanprofil.com\/en\/\",\"logo\":{\"@type\":\"ImageObject\",\"inLanguage\":\"en-US\",\"@id\":\"https:\/\/arslanprofil.com\/en\/#\/schema\/logo\/image\/\",\"url\":\"https:\/\/arslanprofil.com\/wp-content\/uploads\/2022\/12\/arslan-profil-logo.png\",\"contentUrl\":\"https:\/\/arslanprofil.com\/wp-content\/uploads\/2022\/12\/arslan-profil-logo.png\",\"width\":356,\"height\":62,\"caption\":\"Arslan Profil\"},\"image\":{\"@id\":\"https:\/\/arslanprofil.com\/en\/#\/schema\/logo\/image\/\"}}]}<\/script>\n<!-- \/ Yoast SEO plugin. -->","yoast_head_json":{"title":"Galvanized Steel Sheet - Arslan Profil","robots":{"index":"index","follow":"follow","max-snippet":"max-snippet:-1","max-image-preview":"max-image-preview:large","max-video-preview":"max-video-preview:-1"},"canonical":"https:\/\/arslanprofil.com\/en\/galvanized-steel-sheet\/","og_locale":"en_US","og_type":"article","og_title":"Galvanized Steel Sheet - Arslan Profil","og_url":"https:\/\/arslanprofil.com\/en\/galvanized-steel-sheet\/","og_site_name":"Arslan Profil","article_modified_time":"2023-08-09T07:07:38+00:00","twitter_card":"summary_large_image","twitter_misc":{"Est. reading time":"13 minutes"},"schema":{"@context":"https:\/\/schema.org","@graph":[{"@type":"WebPage","@id":"https:\/\/arslanprofil.com\/en\/galvanized-steel-sheet\/","url":"https:\/\/arslanprofil.com\/en\/galvanized-steel-sheet\/","name":"Galvanized Steel Sheet - Arslan Profil","isPartOf":{"@id":"https:\/\/arslanprofil.com\/en\/#website"},"datePublished":"2022-12-19T09:31:50+00:00","dateModified":"2023-08-09T07:07:38+00:00","breadcrumb":{"@id":"https:\/\/arslanprofil.com\/en\/galvanized-steel-sheet\/#breadcrumb"},"inLanguage":"en-US","potentialAction":[{"@type":"ReadAction","target":["https:\/\/arslanprofil.com\/en\/galvanized-steel-sheet\/"]}]},{"@type":"BreadcrumbList","@id":"https:\/\/arslanprofil.com\/en\/galvanized-steel-sheet\/#breadcrumb","itemListElement":[{"@type":"ListItem","position":1,"name":"Anasayfa","item":"https:\/\/arslanprofil.com\/en\/home-page\/"},{"@type":"ListItem","position":2,"name":"Galvanized Steel Sheet"}]},{"@type":"WebSite","@id":"https:\/\/arslanprofil.com\/en\/#website","url":"https:\/\/arslanprofil.com\/en\/","name":"Arslan Profil","description":"Profil, Sac, Boru \u0130malat, \u0130thalat ve \u0130hracat\u0131","publisher":{"@id":"https:\/\/arslanprofil.com\/en\/#organization"},"potentialAction":[{"@type":"SearchAction","target":{"@type":"EntryPoint","urlTemplate":"https:\/\/arslanprofil.com\/en\/?s={search_term_string}"},"query-input":"required name=search_term_string"}],"inLanguage":"en-US"},{"@type":"Organization","@id":"https:\/\/arslanprofil.com\/en\/#organization","name":"Arslan Profil","url":"https:\/\/arslanprofil.com\/en\/","logo":{"@type":"ImageObject","inLanguage":"en-US","@id":"https:\/\/arslanprofil.com\/en\/#\/schema\/logo\/image\/","url":"https:\/\/arslanprofil.com\/wp-content\/uploads\/2022\/12\/arslan-profil-logo.png","contentUrl":"https:\/\/arslanprofil.com\/wp-content\/uploads\/2022\/12\/arslan-profil-logo.png","width":356,"height":62,"caption":"Arslan Profil"},"image":{"@id":"https:\/\/arslanprofil.com\/en\/#\/schema\/logo\/image\/"}}]}},"_links":{"self":[{"href":"https:\/\/arslanprofil.com\/en\/wp-json\/wp\/v2\/pages\/6763","targetHints":{"allow":["GET"]}}],"collection":[{"href":"https:\/\/arslanprofil.com\/en\/wp-json\/wp\/v2\/pages"}],"about":[{"href":"https:\/\/arslanprofil.com\/en\/wp-json\/wp\/v2\/types\/page"}],"author":[{"embeddable":true,"href":"https:\/\/arslanprofil.com\/en\/wp-json\/wp\/v2\/users\/2"}],"replies":[{"embeddable":true,"href":"https:\/\/arslanprofil.com\/en\/wp-json\/wp\/v2\/comments?post=6763"}],"version-history":[{"count":2,"href":"https:\/\/arslanprofil.com\/en\/wp-json\/wp\/v2\/pages\/6763\/revisions"}],"predecessor-version":[{"id":6765,"href":"https:\/\/arslanprofil.com\/en\/wp-json\/wp\/v2\/pages\/6763\/revisions\/6765"}],"wp:attachment":[{"href":"https:\/\/arslanprofil.com\/en\/wp-json\/wp\/v2\/media?parent=6763"}],"curies":[{"name":"wp","href":"https:\/\/api.w.org\/{rel}","templated":true}]}}