{"id":6775,"date":"2022-12-19T12:55:55","date_gmt":"2022-12-19T09:55:55","guid":{"rendered":"https:\/\/arslanprofil.com\/teardrop-patterned-sheet\/"},"modified":"2023-08-09T10:10:38","modified_gmt":"2023-08-09T07:10:38","slug":"teardrop-patterned-sheet","status":"publish","type":"page","link":"https:\/\/arslanprofil.com\/en\/teardrop-patterned-sheet\/","title":{"rendered":"Teardrop Patterned Sheet"},"content":{"rendered":"<div class=\"fusion-fullwidth fullwidth-box fusion-builder-row-1 fusion-flex-container nonhundred-percent-fullwidth non-hundred-percent-height-scrolling\" style=\"background-color: rgba(255,255,255,0);background-position: center center;background-repeat: no-repeat;border-width: 0px 0px 0px 0px;border-color:var(--awb-color3);border-style:solid;\" ><div class=\"fusion-builder-row fusion-row fusion-flex-align-items-flex-start\" style=\"max-width:calc( 1200px + 80px );margin-left: calc(-80px \/ 2 );margin-right: calc(-80px \/ 2 );\"><div class=\"fusion-layout-column fusion_builder_column fusion-builder-column-0 fusion_builder_column_2_3 2_3 fusion-flex-column\"><div class=\"fusion-column-wrapper fusion-flex-justify-content-flex-start fusion-content-layout-column\" style=\"background-position:left top;background-repeat:no-repeat;-webkit-background-size:cover;-moz-background-size:cover;-o-background-size:cover;background-size:cover;padding: 0px 0px 0px 0px;\"><style type=\"text\/css\">@media only screen and (max-width:1024px) {.fusion-title.fusion-title-1{margin-top:10px!important; margin-right:0px!important;margin-bottom:15px!important;margin-left:0px!important;}}@media only screen and (max-width:640px) {.fusion-title.fusion-title-1{margin-top:10px!important; margin-right:0px!important;margin-bottom:10px!important; margin-left:0px!important;}}<\/style><div class=\"fusion-title title fusion-title-1 fusion-sep-none fusion-title-center fusion-title-text fusion-title-size-two\" style=\"font-size:16px;margin-top:10px;margin-right:0px;margin-bottom:15px;margin-left:0px;\"><h2 class=\"title-heading-center\" style=\"margin:0;font-size:1em;text-transform:capitalize;\">Teardrop Patterned Sheet Metal<\/h2><\/div><div class=\"fusion-text fusion-text-1\"><p>Hot rolled products are passed through pattern rollers or molds to give them aesthetics and durability. In this patterning process, the chemistry of the sheet does not change and the weight does not increase or decrease. As the hot-rolled semi-finished product passes through the patterned molds, one side of the hot-rolled semi-finished product is embossed and has a teardrop pattern, while the other side remains flat. When used, the back part, i.e. the patterned part, remains on the visible side. <strong>Teardrop sheet metal<\/strong> is also commercially referred to as teardrop patterned sheet metal or cheetah sheet metal.<\/p>\n<p><strong> <\/strong><strong>Areas where teardrop patterned sheet metal is used;<\/strong><\/p>\n<ul>\n<li>The most intensively used areas of teardrop patterned sheets are fire escapes and walkways.<\/li>\n<li>Teardrop patterned sheets are used in heavy industrial areas, ramps and machines.<\/li>\n<li>Since teardrop patterned sheets are not too slippery even when they come into contact with water, they are used on wet floors of ships and buildings located on the shore side.<\/li>\n<li>In the transportation sector, teardrop patterned sheets are used in trucks, ramps, warehouses and stairs.<\/li>\n<\/ul>\n<p>It is also possible to use teardrop-patterned sheets for decking and exterior cladding as they look decoratively aesthetic.<\/p>\n<\/div><style type=\"text\/css\">@media only screen and (max-width:1024px) {.fusion-title.fusion-title-2{margin-top:10px!important; margin-right:0px!important;margin-bottom:15px!important;margin-left:0px!important;}}@media only screen and (max-width:640px) {.fusion-title.fusion-title-2{margin-top:10px!important; margin-right:0px!important;margin-bottom:10px!important; margin-left:0px!important;}}<\/style><div class=\"fusion-title title fusion-title-2 fusion-sep-none fusion-title-center fusion-title-text fusion-title-size-two\" style=\"font-size:16px;margin-top:10px;margin-right:0px;margin-bottom:15px;margin-left:0px;\"><h2 class=\"title-heading-center\" style=\"margin:0;font-size:1em;text-transform:capitalize;\">Teardrop Patterned Sheet Metal Measurement and Weight Table<\/h2><\/div>\n<div class=\"table-2\">\n<table width=\"100%\">\n<thead>\n<tr>\n<td>Thickness (mm)<\/td>\n<td>Size (mm)<\/td>\n<td>1 Plate Weight (mm)<\/td>\n<td width=\"\">Quality<\/td>\n<\/tr>\n<\/thead>\n<tbody>\n<tr>\n<td>2\/3 MM<\/td>\n<td>1000X2000 MM<\/td>\n<td>42.00 KG<\/td>\n<td width=\"\">ST37<\/td>\n<\/tr>\n<tr>\n<td>2\/3 MM<\/td>\n<td>1250X2500 MM<\/td>\n<td>63.00 KG<\/td>\n<td width=\"\">ST37<\/td>\n<\/tr>\n<tr>\n<td>2\/3 MM<\/td>\n<td>1500X3000 MM<\/td>\n<td>90.00 KG<\/td>\n<td width=\"\">ST37<\/td>\n<\/tr>\n<tr>\n<td>3\/4 MM<\/td>\n<td>1000X2000 MM<\/td>\n<td>54.00 KG<\/td>\n<td width=\"\">ST37<\/td>\n<\/tr>\n<tr>\n<td>3\/4 MM<\/td>\n<td>1250X2500 MM<\/td>\n<td>87.00 KG<\/td>\n<td width=\"\">ST37<\/td>\n<\/tr>\n<tr>\n<td>3\/4 MM<\/td>\n<td>1500X3000 MM<\/td>\n<td>126.00 KG<\/td>\n<td width=\"\">ST37<\/td>\n<\/tr>\n<tr>\n<td>4\/5 MM<\/td>\n<td>1000X2000 MM<\/td>\n<td>68.00 KG<\/td>\n<td width=\"\">ST37<\/td>\n<\/tr>\n<tr>\n<td>4\/5 MM<\/td>\n<td>1250X2500 MM<\/td>\n<td>113.00 KG<\/td>\n<td width=\"\">ST37<\/td>\n<\/tr>\n<tr>\n<td>4\/5 MM<\/td>\n<td>1500X3000 MM<\/td>\n<td>162.00 KG<\/td>\n<td width=\"\">ST37<\/td>\n<\/tr>\n<tr>\n<td>5\/6 MM<\/td>\n<td>1000X2000 MM<\/td>\n<td>87.00 KG<\/td>\n<td width=\"\">ST37<\/td>\n<\/tr>\n<tr>\n<td>5\/6 MM<\/td>\n<td>1250X2500 MM<\/td>\n<td>138.00 KG<\/td>\n<td width=\"\">ST37<\/td>\n<\/tr>\n<tr>\n<td>5\/6 MM<\/td>\n<td>1500X3000 MM<\/td>\n<td>198.00 KG<\/td>\n<td width=\"\">ST37<\/td>\n<\/tr>\n<\/tbody>\n<\/table>\n<\/div>\n<\/div><style type=\"text\/css\">.fusion-body .fusion-builder-column-0{width:66.666666666667% !important;margin-top : 0px;margin-bottom : 20px;}.fusion-builder-column-0 > .fusion-column-wrapper {padding-top : 0px !important;padding-right : 0px !important;margin-right : 40px;padding-bottom : 0px !important;padding-left : 0px !important;margin-left : 40px;}@media only screen and (max-width:1024px) {.fusion-body .fusion-builder-column-0{width:66.666666666667% !important;order : 0;}.fusion-builder-column-0 > .fusion-column-wrapper {margin-right : 40px;margin-left : 40px;}}@media only screen and (max-width:640px) {.fusion-body .fusion-builder-column-0{width:100% !important;order : 0;}.fusion-builder-column-0 > .fusion-column-wrapper {margin-right : 40px;margin-left : 40px;}}<\/style><\/div><div class=\"fusion-layout-column fusion_builder_column fusion-builder-column-1 awb-sticky awb-sticky-small awb-sticky-medium awb-sticky-large fusion_builder_column_1_3 1_3 fusion-flex-column\"><div class=\"fusion-column-wrapper fusion-flex-justify-content-flex-start fusion-content-layout-column\" style=\"background-position:left top;background-repeat:no-repeat;-webkit-background-size:cover;-moz-background-size:cover;-o-background-size:cover;background-size:cover;padding: 0px 0px 0px 0px;\"><style type=\"text\/css\">@media only screen and (max-width:1024px) {.fusion-title.fusion-title-3{margin-top:10px!important; margin-right:0px!important;margin-bottom:15px!important;margin-left:0px!important;}}@media only screen and (max-width:640px) {.fusion-title.fusion-title-3{margin-top:10px!important; margin-right:0px!important;margin-bottom:10px!important; margin-left:0px!important;}}<\/style><div class=\"fusion-title title fusion-title-3 fusion-sep-none fusion-title-center fusion-title-text fusion-title-size-two\" style=\"font-size:16px;margin-top:10px;margin-right:0px;margin-bottom:15px;margin-left:0px;\"><h2 class=\"title-heading-center\" style=\"margin:0;font-size:1em;text-transform:capitalize;\">Teardrop Patterned Sheet Metal Plates<\/h2><\/div><div ><style>.imageframe-liftup.imageframe-1:before{border-radius:6px;}<\/style><div class=\"awb-image-frame awb-image-frame-1 imageframe-liftup imageframe-1\"><span class=\" fusion-imageframe imageframe-none imageframe-1\" style=\"border-radius:6px;\"><img decoding=\"async\" width=\"604\" height=\"402\" title=\"Gozyasi-Desenli-Sac-2\" src=\"https:\/\/arslanprofil.com\/wp-content\/uploads\/2022\/12\/Gozyasi-Desenli-Sac-2.jpg\" data-orig-src=\"https:\/\/arslanprofil.com\/wp-content\/uploads\/2022\/12\/Gozyasi-Desenli-Sac-2.jpg\" alt class=\"lazyload img-responsive wp-image-6718\" srcset=\"data:image\/svg+xml,%3Csvg%20xmlns%3D%27http%3A%2F%2Fwww.w3.org%2F2000%2Fsvg%27%20width%3D%27604%27%20height%3D%27402%27%20viewBox%3D%270%200%20604%20402%27%3E%3Crect%20width%3D%27604%27%20height%3D%27402%27%20fill-opacity%3D%220%22%2F%3E%3C%2Fsvg%3E\" data-srcset=\"https:\/\/arslanprofil.com\/wp-content\/uploads\/2022\/12\/Gozyasi-Desenli-Sac-2-200x133.jpg 200w, https:\/\/arslanprofil.com\/wp-content\/uploads\/2022\/12\/Gozyasi-Desenli-Sac-2-400x266.jpg 400w, https:\/\/arslanprofil.com\/wp-content\/uploads\/2022\/12\/Gozyasi-Desenli-Sac-2-600x399.jpg 600w, https:\/\/arslanprofil.com\/wp-content\/uploads\/2022\/12\/Gozyasi-Desenli-Sac-2.jpg 604w\" data-sizes=\"auto\" data-orig-sizes=\"(max-width: 640px) 100vw, 400px\" \/><\/span><\/div><\/div><div class=\"fusion-separator fusion-full-width-sep\" style=\"align-self: center;margin-left: auto;margin-right: auto;margin-top:10px;margin-bottom:10px;width:100%;\"><\/div><div ><style>.imageframe-liftup.imageframe-2:before{border-radius:6px;}<\/style><div class=\"awb-image-frame awb-image-frame-2 imageframe-liftup imageframe-2\"><span class=\" fusion-imageframe imageframe-none imageframe-2\" style=\"border-radius:6px;\"><img decoding=\"async\" width=\"677\" height=\"317\" title=\"Gozyasi-Desenli-Sac\" src=\"https:\/\/arslanprofil.com\/wp-content\/uploads\/2022\/12\/Gozyasi-Desenli-Sac.jpg\" data-orig-src=\"https:\/\/arslanprofil.com\/wp-content\/uploads\/2022\/12\/Gozyasi-Desenli-Sac.jpg\" alt class=\"lazyload img-responsive wp-image-6584\" srcset=\"data:image\/svg+xml,%3Csvg%20xmlns%3D%27http%3A%2F%2Fwww.w3.org%2F2000%2Fsvg%27%20width%3D%27677%27%20height%3D%27317%27%20viewBox%3D%270%200%20677%20317%27%3E%3Crect%20width%3D%27677%27%20height%3D%27317%27%20fill-opacity%3D%220%22%2F%3E%3C%2Fsvg%3E\" data-srcset=\"https:\/\/arslanprofil.com\/wp-content\/uploads\/2022\/12\/Gozyasi-Desenli-Sac-200x94.jpg 200w, https:\/\/arslanprofil.com\/wp-content\/uploads\/2022\/12\/Gozyasi-Desenli-Sac-400x187.jpg 400w, https:\/\/arslanprofil.com\/wp-content\/uploads\/2022\/12\/Gozyasi-Desenli-Sac-600x281.jpg 600w, https:\/\/arslanprofil.com\/wp-content\/uploads\/2022\/12\/Gozyasi-Desenli-Sac.jpg 677w\" data-sizes=\"auto\" data-orig-sizes=\"(max-width: 640px) 100vw, 400px\" \/><\/span><\/div><\/div><div class=\"fusion-separator fusion-full-width-sep\" style=\"align-self: center;margin-left: auto;margin-right: auto;margin-top:10px;margin-bottom:10px;width:100%;\"><\/div><ul class=\"fusion-checklist fusion-checklist-1\" style=\"font-size:12px;line-height:20.4px;\"><li style=\"background-color:rgba(255,255,255,0);\" class=\"fusion-li-item\"><span style=\"height:20.4px;width:20.4px;margin-right:8.4px;\" class=\"icon-wrapper circle-no\"><i class=\"fusion-li-icon fa-angle-double-right fas\" style=\"color:var(--awb-color4);\" aria-hidden=\"true\"><\/i><\/span><div class=\"fusion-li-item-content\" style=\"margin-left:28.8px;color:var(--awb-color8);\">\n<p><b>THICKNESS:<\/b> 1.40mm &#8211; 16mm<\/p>\n<\/div><\/li><li style=\"background-color:rgba(255,255,255,0);\" class=\"fusion-li-item\"><span style=\"height:20.4px;width:20.4px;margin-right:8.4px;\" class=\"icon-wrapper circle-no\"><i class=\"fusion-li-icon fa-angle-double-right fas\" style=\"color:var(--awb-color4);\" aria-hidden=\"true\"><\/i><\/span><div class=\"fusion-li-item-content\" style=\"margin-left:28.8px;color:var(--awb-color8);\">\n<p><b>EN:<\/b> 800mm &#8211; 1550mm<\/p>\n<\/div><\/li><li style=\"background-color:rgba(255,255,255,0);\" class=\"fusion-li-item\"><span style=\"height:20.4px;width:20.4px;margin-right:8.4px;\" class=\"icon-wrapper circle-no\"><i class=\"fusion-li-icon fa-angle-double-right fas\" style=\"color:var(--awb-color4);\" aria-hidden=\"true\"><\/i><\/span><div class=\"fusion-li-item-content\" style=\"margin-left:28.8px;color:var(--awb-color8);\">\n<p><b>SIZE:<\/b> 2000mm\/2500mm\/3000mm\/6000mm<\/p>\n<\/div><\/li><li style=\"background-color:rgba(255,255,255,0);\" class=\"fusion-li-item\"><span style=\"height:20.4px;width:20.4px;margin-right:8.4px;\" class=\"icon-wrapper circle-no\"><i class=\"fusion-li-icon fa-angle-double-right fas\" style=\"color:var(--awb-color4);\" aria-hidden=\"true\"><\/i><\/span><div class=\"fusion-li-item-content\" style=\"margin-left:28.8px;color:var(--awb-color8);\">\n<p><b>QUALITY:<\/b> DIN5922, ASTM A-786, BSN10051<\/p>\n<\/div><\/li><\/ul><\/div><style type=\"text\/css\">.fusion-body .fusion-builder-column-1{width:33.333333333333% !important;margin-top : 0px;margin-bottom : 20px;}.fusion-builder-column-1 > .fusion-column-wrapper {padding-top : 0px !important;padding-right : 0px !important;margin-right : 40px;padding-bottom : 0px !important;padding-left : 0px !important;margin-left : 40px;}@media only screen and (max-width:1024px) {.fusion-body .fusion-builder-column-1{width:33.333333333333% !important;order : 0;}.fusion-builder-column-1 > .fusion-column-wrapper {margin-right : 40px;margin-left : 40px;}}@media only screen and (max-width:640px) {.fusion-body .fusion-builder-column-1{width:100% !important;order : 0;}.fusion-builder-column-1 > .fusion-column-wrapper {margin-right : 40px;margin-left : 40px;}}<\/style><\/div><div class=\"fusion-layout-column fusion_builder_column fusion-builder-column-2 fusion_builder_column_1_1 1_1 fusion-flex-column\"><div class=\"fusion-column-wrapper fusion-flex-justify-content-flex-start fusion-content-layout-column\" style=\"background-position:left top;background-repeat:no-repeat;-webkit-background-size:cover;-moz-background-size:cover;-o-background-size:cover;background-size:cover;padding: 0px 0px 0px 0px;\"><div class=\"fusion-separator fusion-full-width-sep\" style=\"align-self: center;margin-left: auto;margin-right: auto;margin-top:20px;margin-bottom:20px;width:100%;\"><div class=\"fusion-separator-border sep-single sep-solid\" style=\"border-color:var(--awb-color3);border-top-width:1px;\"><\/div><\/div><\/div><style type=\"text\/css\">.fusion-body .fusion-builder-column-2{width:100% !important;margin-top : 0px;margin-bottom : 20px;}.fusion-builder-column-2 > .fusion-column-wrapper {padding-top : 0px !important;padding-right : 0px !important;margin-right : 40px;padding-bottom : 0px !important;padding-left : 0px !important;margin-left : 40px;}@media only screen and (max-width:1024px) {.fusion-body .fusion-builder-column-2{width:100% !important;order : 0;}.fusion-builder-column-2 > .fusion-column-wrapper {margin-right : 40px;margin-left : 40px;}}@media only screen and (max-width:640px) {.fusion-body .fusion-builder-column-2{width:100% !important;order : 0;}.fusion-builder-column-2 > .fusion-column-wrapper {margin-right : 40px;margin-left : 40px;}}<\/style><\/div><\/div><style type=\"text\/css\">.fusion-body .fusion-flex-container.fusion-builder-row-1{ padding-top : 0px;margin-top : 0px;padding-right : 0px;padding-bottom : 0px;margin-bottom : 0px;padding-left : 0px;}<\/style><\/div>\n","protected":false},"excerpt":{"rendered":"","protected":false},"author":2,"featured_media":0,"parent":0,"menu_order":0,"comment_status":"closed","ping_status":"closed","template":"100-width.php","meta":{"inline_featured_image":false,"_joinchat":[],"footnotes":""},"class_list":["post-6775","page","type-page","status-publish","hentry"],"yoast_head":"<!-- This site is optimized with the Yoast SEO plugin v22.8 - https:\/\/yoast.com\/wordpress\/plugins\/seo\/ -->\n<title>Teardrop Patterned Sheet - Arslan Profil<\/title>\n<meta name=\"robots\" content=\"index, follow, max-snippet:-1, max-image-preview:large, max-video-preview:-1\" \/>\n<link rel=\"canonical\" href=\"https:\/\/arslanprofil.com\/en\/teardrop-patterned-sheet\/\" \/>\n<meta property=\"og:locale\" content=\"en_US\" \/>\n<meta property=\"og:type\" content=\"article\" \/>\n<meta property=\"og:title\" content=\"Teardrop Patterned Sheet - Arslan Profil\" \/>\n<meta property=\"og:url\" content=\"https:\/\/arslanprofil.com\/en\/teardrop-patterned-sheet\/\" \/>\n<meta property=\"og:site_name\" content=\"Arslan Profil\" \/>\n<meta property=\"article:modified_time\" content=\"2023-08-09T07:10:38+00:00\" \/>\n<meta name=\"twitter:card\" content=\"summary_large_image\" \/>\n<meta name=\"twitter:label1\" content=\"Est. reading time\" \/>\n\t<meta name=\"twitter:data1\" content=\"15 minutes\" \/>\n<script type=\"application\/ld+json\" class=\"yoast-schema-graph\">{\"@context\":\"https:\/\/schema.org\",\"@graph\":[{\"@type\":\"WebPage\",\"@id\":\"https:\/\/arslanprofil.com\/en\/teardrop-patterned-sheet\/\",\"url\":\"https:\/\/arslanprofil.com\/en\/teardrop-patterned-sheet\/\",\"name\":\"Teardrop Patterned Sheet - Arslan Profil\",\"isPartOf\":{\"@id\":\"https:\/\/arslanprofil.com\/en\/#website\"},\"datePublished\":\"2022-12-19T09:55:55+00:00\",\"dateModified\":\"2023-08-09T07:10:38+00:00\",\"breadcrumb\":{\"@id\":\"https:\/\/arslanprofil.com\/en\/teardrop-patterned-sheet\/#breadcrumb\"},\"inLanguage\":\"en-US\",\"potentialAction\":[{\"@type\":\"ReadAction\",\"target\":[\"https:\/\/arslanprofil.com\/en\/teardrop-patterned-sheet\/\"]}]},{\"@type\":\"BreadcrumbList\",\"@id\":\"https:\/\/arslanprofil.com\/en\/teardrop-patterned-sheet\/#breadcrumb\",\"itemListElement\":[{\"@type\":\"ListItem\",\"position\":1,\"name\":\"Anasayfa\",\"item\":\"https:\/\/arslanprofil.com\/en\/home-page\/\"},{\"@type\":\"ListItem\",\"position\":2,\"name\":\"Teardrop Patterned Sheet\"}]},{\"@type\":\"WebSite\",\"@id\":\"https:\/\/arslanprofil.com\/en\/#website\",\"url\":\"https:\/\/arslanprofil.com\/en\/\",\"name\":\"Arslan Profil\",\"description\":\"Profil, Sac, Boru \u0130malat, \u0130thalat ve \u0130hracat\u0131\",\"publisher\":{\"@id\":\"https:\/\/arslanprofil.com\/en\/#organization\"},\"potentialAction\":[{\"@type\":\"SearchAction\",\"target\":{\"@type\":\"EntryPoint\",\"urlTemplate\":\"https:\/\/arslanprofil.com\/en\/?s={search_term_string}\"},\"query-input\":\"required name=search_term_string\"}],\"inLanguage\":\"en-US\"},{\"@type\":\"Organization\",\"@id\":\"https:\/\/arslanprofil.com\/en\/#organization\",\"name\":\"Arslan Profil\",\"url\":\"https:\/\/arslanprofil.com\/en\/\",\"logo\":{\"@type\":\"ImageObject\",\"inLanguage\":\"en-US\",\"@id\":\"https:\/\/arslanprofil.com\/en\/#\/schema\/logo\/image\/\",\"url\":\"https:\/\/arslanprofil.com\/wp-content\/uploads\/2022\/12\/arslan-profil-logo.png\",\"contentUrl\":\"https:\/\/arslanprofil.com\/wp-content\/uploads\/2022\/12\/arslan-profil-logo.png\",\"width\":356,\"height\":62,\"caption\":\"Arslan Profil\"},\"image\":{\"@id\":\"https:\/\/arslanprofil.com\/en\/#\/schema\/logo\/image\/\"}}]}<\/script>\n<!-- \/ Yoast SEO plugin. -->","yoast_head_json":{"title":"Teardrop Patterned Sheet - Arslan Profil","robots":{"index":"index","follow":"follow","max-snippet":"max-snippet:-1","max-image-preview":"max-image-preview:large","max-video-preview":"max-video-preview:-1"},"canonical":"https:\/\/arslanprofil.com\/en\/teardrop-patterned-sheet\/","og_locale":"en_US","og_type":"article","og_title":"Teardrop Patterned Sheet - Arslan Profil","og_url":"https:\/\/arslanprofil.com\/en\/teardrop-patterned-sheet\/","og_site_name":"Arslan Profil","article_modified_time":"2023-08-09T07:10:38+00:00","twitter_card":"summary_large_image","twitter_misc":{"Est. reading time":"15 minutes"},"schema":{"@context":"https:\/\/schema.org","@graph":[{"@type":"WebPage","@id":"https:\/\/arslanprofil.com\/en\/teardrop-patterned-sheet\/","url":"https:\/\/arslanprofil.com\/en\/teardrop-patterned-sheet\/","name":"Teardrop Patterned Sheet - Arslan Profil","isPartOf":{"@id":"https:\/\/arslanprofil.com\/en\/#website"},"datePublished":"2022-12-19T09:55:55+00:00","dateModified":"2023-08-09T07:10:38+00:00","breadcrumb":{"@id":"https:\/\/arslanprofil.com\/en\/teardrop-patterned-sheet\/#breadcrumb"},"inLanguage":"en-US","potentialAction":[{"@type":"ReadAction","target":["https:\/\/arslanprofil.com\/en\/teardrop-patterned-sheet\/"]}]},{"@type":"BreadcrumbList","@id":"https:\/\/arslanprofil.com\/en\/teardrop-patterned-sheet\/#breadcrumb","itemListElement":[{"@type":"ListItem","position":1,"name":"Anasayfa","item":"https:\/\/arslanprofil.com\/en\/home-page\/"},{"@type":"ListItem","position":2,"name":"Teardrop Patterned Sheet"}]},{"@type":"WebSite","@id":"https:\/\/arslanprofil.com\/en\/#website","url":"https:\/\/arslanprofil.com\/en\/","name":"Arslan Profil","description":"Profil, Sac, Boru \u0130malat, \u0130thalat ve \u0130hracat\u0131","publisher":{"@id":"https:\/\/arslanprofil.com\/en\/#organization"},"potentialAction":[{"@type":"SearchAction","target":{"@type":"EntryPoint","urlTemplate":"https:\/\/arslanprofil.com\/en\/?s={search_term_string}"},"query-input":"required name=search_term_string"}],"inLanguage":"en-US"},{"@type":"Organization","@id":"https:\/\/arslanprofil.com\/en\/#organization","name":"Arslan Profil","url":"https:\/\/arslanprofil.com\/en\/","logo":{"@type":"ImageObject","inLanguage":"en-US","@id":"https:\/\/arslanprofil.com\/en\/#\/schema\/logo\/image\/","url":"https:\/\/arslanprofil.com\/wp-content\/uploads\/2022\/12\/arslan-profil-logo.png","contentUrl":"https:\/\/arslanprofil.com\/wp-content\/uploads\/2022\/12\/arslan-profil-logo.png","width":356,"height":62,"caption":"Arslan Profil"},"image":{"@id":"https:\/\/arslanprofil.com\/en\/#\/schema\/logo\/image\/"}}]}},"_links":{"self":[{"href":"https:\/\/arslanprofil.com\/en\/wp-json\/wp\/v2\/pages\/6775","targetHints":{"allow":["GET"]}}],"collection":[{"href":"https:\/\/arslanprofil.com\/en\/wp-json\/wp\/v2\/pages"}],"about":[{"href":"https:\/\/arslanprofil.com\/en\/wp-json\/wp\/v2\/types\/page"}],"author":[{"embeddable":true,"href":"https:\/\/arslanprofil.com\/en\/wp-json\/wp\/v2\/users\/2"}],"replies":[{"embeddable":true,"href":"https:\/\/arslanprofil.com\/en\/wp-json\/wp\/v2\/comments?post=6775"}],"version-history":[{"count":2,"href":"https:\/\/arslanprofil.com\/en\/wp-json\/wp\/v2\/pages\/6775\/revisions"}],"predecessor-version":[{"id":6777,"href":"https:\/\/arslanprofil.com\/en\/wp-json\/wp\/v2\/pages\/6775\/revisions\/6777"}],"wp:attachment":[{"href":"https:\/\/arslanprofil.com\/en\/wp-json\/wp\/v2\/media?parent=6775"}],"curies":[{"name":"wp","href":"https:\/\/api.w.org\/{rel}","templated":true}]}}