{"id":6819,"date":"2022-12-19T14:47:13","date_gmt":"2022-12-19T11:47:13","guid":{"rendered":"https:\/\/arslanprofil.com\/ipn-ipe-profile\/"},"modified":"2023-08-09T10:19:44","modified_gmt":"2023-08-09T07:19:44","slug":"ipn-ipe-profile","status":"publish","type":"page","link":"https:\/\/arslanprofil.com\/en\/ipn-ipe-profile\/","title":{"rendered":"IPN\/IPE Profile"},"content":{"rendered":"<div class=\"fusion-fullwidth fullwidth-box fusion-builder-row-1 fusion-flex-container nonhundred-percent-fullwidth non-hundred-percent-height-scrolling\" style=\"background-color: rgba(255,255,255,0);background-position: center center;background-repeat: no-repeat;border-width: 0px 0px 0px 0px;border-color:var(--awb-color3);border-style:solid;\" ><div class=\"fusion-builder-row fusion-row fusion-flex-align-items-flex-start\" style=\"max-width:calc( 1200px + 80px );margin-left: calc(-80px \/ 2 );margin-right: calc(-80px \/ 2 );\"><div class=\"fusion-layout-column fusion_builder_column fusion-builder-column-0 fusion_builder_column_2_3 2_3 fusion-flex-column\"><div class=\"fusion-column-wrapper fusion-flex-justify-content-flex-start fusion-content-layout-column\" style=\"background-position:left top;background-repeat:no-repeat;-webkit-background-size:cover;-moz-background-size:cover;-o-background-size:cover;background-size:cover;padding: 0px 0px 0px 0px;\"><style type=\"text\/css\">@media only screen and (max-width:1024px) {.fusion-title.fusion-title-1{margin-top:10px!important; margin-right:0px!important;margin-bottom:15px!important;margin-left:0px!important;}}@media only screen and (max-width:640px) {.fusion-title.fusion-title-1{margin-top:10px!important; margin-right:0px!important;margin-bottom:10px!important; margin-left:0px!important;}}<\/style><div class=\"fusion-title title fusion-title-1 fusion-sep-none fusion-title-text fusion-title-size-two\" style=\"margin-top:10px;margin-right:0px;margin-bottom:15px;margin-left:0px;\"><h2 class=\"title-heading-left\" style=\"margin:0;text-transform:capitalize;\">What is IPN\/IPE Profile<\/h2><\/div><div class=\"fusion-text fusion-text-1\"><h3><strong>What is IPN Steel Profile<\/strong><\/h3>\n<p>IPN is the short form for bar-shaped structural elements or beams with curved inner surface of flanges and dimensions according to EN 10365. Product tolerances are defined by EN 10024:1995. The IPN steel profile series has lost considerably in favor of the assembly-friendly IPE series due to the inclined flanges.<\/p>\n<p>IPN profiles are used for joining stainless steel beams by welding or bolting. IPN profiles are hot-fabricated and then hot rolled or extruded. The upper and lower horizontal part of the beam is called the flange and the vertical middle part of the connection is called the web.<\/p>\n<p>Austenitic grades according to EN 10088-3:1D are mainly used for stainless steel structures: 1.4301 (304), 1.4307 (304L), 1.4401 (316), 1.4404 (316L) and 1.4571.<\/p>\n<h3><strong>What is IPE Steel Profile<\/strong><\/h3>\n<div>\n<p>IPE is the short form for bar structural elements or beams with parallel inner surface of flanges and dimensions according to EN 10365. Product tolerances are defined by EN 10034:1993.<\/p>\n<p>IPE profiles and stainless steel beam can be joined together, then welded or bolted or hot fabricated, then hot rolled or extruded. The upper and lower horizontal part of the beam is called the flange and the vertical middle part of the connection is called the web. The most common version in this product line is the standard IPE profile. The lighter versions of IPE AAAA up to A and the heavier IPE O are very rarely used.<\/p>\n<p>IPE stainless steel beams are used not only in trade and industry but also in the construction of machinery and equipment. The use of stainless steel profiles is characterized by a high compositional flexibility and a fast and low-cost construction (with the possibility of prefabrication in steel production). Stainless steel IPE profiles are mostly produced from scrap and can be recovered again after use, thus conserving new resources.<\/p>\n<p>Austenitic grades according to EN 10088-3:1D are mainly used for stainless steel structures: 1.4301 (304), 1.4307 (304L), 1.4401 (316), 1.4404 (316L) and 1.4571.<\/p>\n<\/div>\n<\/div><div class=\"fusion-builder-row fusion-builder-row-inner fusion-row fusion-flex-align-items-flex-start\" style=\"width:calc( 100% + 80px ) !important;max-width:calc( 100% + 80px ) !important;margin-left: calc(-80px \/ 2 );margin-right: calc(-80px \/ 2 );\"><div class=\"fusion-layout-column fusion_builder_column_inner fusion-builder-nested-column-0 fusion_builder_column_inner_1_2 1_2 fusion-flex-column\"><div class=\"fusion-column-wrapper fusion-flex-justify-content-flex-start fusion-content-layout-column\" style=\"background-position:left top;background-repeat:no-repeat;-webkit-background-size:cover;-moz-background-size:cover;-o-background-size:cover;background-size:cover;padding: 0px 0px 0px 0px;\"><div ><span class=\" fusion-imageframe imageframe-none imageframe-1 hover-type-none\"><img decoding=\"async\" width=\"677\" height=\"317\" title=\"IPN-IPE PROF\u0130L\" src=\"https:\/\/arslanprofil.com\/wp-content\/uploads\/2022\/12\/IPN-IPE-PROFIL.jpg\" data-orig-src=\"https:\/\/arslanprofil.com\/wp-content\/uploads\/2022\/12\/IPN-IPE-PROFIL.jpg\" alt class=\"lazyload img-responsive wp-image-6620\" srcset=\"data:image\/svg+xml,%3Csvg%20xmlns%3D%27http%3A%2F%2Fwww.w3.org%2F2000%2Fsvg%27%20width%3D%27677%27%20height%3D%27317%27%20viewBox%3D%270%200%20677%20317%27%3E%3Crect%20width%3D%27677%27%20height%3D%27317%27%20fill-opacity%3D%220%22%2F%3E%3C%2Fsvg%3E\" data-srcset=\"https:\/\/arslanprofil.com\/wp-content\/uploads\/2022\/12\/IPN-IPE-PROFIL-200x94.jpg 200w, https:\/\/arslanprofil.com\/wp-content\/uploads\/2022\/12\/IPN-IPE-PROFIL-400x187.jpg 400w, https:\/\/arslanprofil.com\/wp-content\/uploads\/2022\/12\/IPN-IPE-PROFIL-600x281.jpg 600w, https:\/\/arslanprofil.com\/wp-content\/uploads\/2022\/12\/IPN-IPE-PROFIL.jpg 677w\" data-sizes=\"auto\" data-orig-sizes=\"(max-width: 640px) 100vw, 600px\" \/><\/span><\/div><\/div><style type=\"text\/css\">.fusion-body .fusion-builder-nested-column-0{width:50% !important;margin-top : 0px;margin-bottom : 20px;}.fusion-builder-nested-column-0 > .fusion-column-wrapper {padding-top : 0px !important;padding-right : 0px !important;margin-right : 40px;padding-bottom : 0px !important;padding-left : 0px !important;margin-left : 40px;}@media only screen and (max-width:1024px) {.fusion-body .fusion-builder-nested-column-0{width:50% !important;order : 0;}.fusion-builder-nested-column-0 > .fusion-column-wrapper {margin-right : 40px;margin-left : 40px;}}@media only screen and (max-width:640px) {.fusion-body .fusion-builder-nested-column-0{width:100% !important;order : 0;}.fusion-builder-nested-column-0 > .fusion-column-wrapper {margin-right : 40px;margin-left : 40px;}}<\/style><\/div><div class=\"fusion-layout-column fusion_builder_column_inner fusion-builder-nested-column-1 fusion_builder_column_inner_1_2 1_2 fusion-flex-column\"><div class=\"fusion-column-wrapper fusion-flex-justify-content-flex-start fusion-content-layout-column\" style=\"background-position:left top;background-repeat:no-repeat;-webkit-background-size:cover;-moz-background-size:cover;-o-background-size:cover;background-size:cover;padding: 0px 0px 0px 0px;\"><div ><span class=\" fusion-imageframe imageframe-none imageframe-2 hover-type-none\"><img decoding=\"async\" width=\"677\" height=\"317\" title=\"IPN-IPE PROF\u0130L\" src=\"https:\/\/arslanprofil.com\/wp-content\/uploads\/2022\/12\/IPN-IPE-PROFIL.jpg\" data-orig-src=\"https:\/\/arslanprofil.com\/wp-content\/uploads\/2022\/12\/IPN-IPE-PROFIL.jpg\" alt class=\"lazyload img-responsive wp-image-6620\" srcset=\"data:image\/svg+xml,%3Csvg%20xmlns%3D%27http%3A%2F%2Fwww.w3.org%2F2000%2Fsvg%27%20width%3D%27677%27%20height%3D%27317%27%20viewBox%3D%270%200%20677%20317%27%3E%3Crect%20width%3D%27677%27%20height%3D%27317%27%20fill-opacity%3D%220%22%2F%3E%3C%2Fsvg%3E\" data-srcset=\"https:\/\/arslanprofil.com\/wp-content\/uploads\/2022\/12\/IPN-IPE-PROFIL-200x94.jpg 200w, https:\/\/arslanprofil.com\/wp-content\/uploads\/2022\/12\/IPN-IPE-PROFIL-400x187.jpg 400w, https:\/\/arslanprofil.com\/wp-content\/uploads\/2022\/12\/IPN-IPE-PROFIL-600x281.jpg 600w, https:\/\/arslanprofil.com\/wp-content\/uploads\/2022\/12\/IPN-IPE-PROFIL.jpg 677w\" data-sizes=\"auto\" data-orig-sizes=\"(max-width: 640px) 100vw, 600px\" \/><\/span><\/div><\/div><style type=\"text\/css\">.fusion-body .fusion-builder-nested-column-1{width:50% !important;margin-top : 0px;margin-bottom : 20px;}.fusion-builder-nested-column-1 > .fusion-column-wrapper {padding-top : 0px !important;padding-right : 0px !important;margin-right : 40px;padding-bottom : 0px !important;padding-left : 0px !important;margin-left : 40px;}@media only screen and (max-width:1024px) {.fusion-body .fusion-builder-nested-column-1{width:50% !important;order : 0;}.fusion-builder-nested-column-1 > .fusion-column-wrapper {margin-right : 40px;margin-left : 40px;}}@media only screen and (max-width:640px) {.fusion-body .fusion-builder-nested-column-1{width:100% !important;order : 0;}.fusion-builder-nested-column-1 > .fusion-column-wrapper {margin-right : 40px;margin-left : 40px;}}<\/style><\/div><\/div><\/div><style type=\"text\/css\">.fusion-body .fusion-builder-column-0{width:66.666666666667% !important;margin-top : 0px;margin-bottom : 20px;}.fusion-builder-column-0 > .fusion-column-wrapper {padding-top : 0px !important;padding-right : 0px !important;margin-right : 40px;padding-bottom : 0px !important;padding-left : 0px !important;margin-left : 40px;}@media only screen and (max-width:1024px) {.fusion-body .fusion-builder-column-0{width:66.666666666667% !important;order : 0;}.fusion-builder-column-0 > .fusion-column-wrapper {margin-right : 40px;margin-left : 40px;}}@media only screen and (max-width:640px) {.fusion-body .fusion-builder-column-0{width:100% !important;order : 0;}.fusion-builder-column-0 > .fusion-column-wrapper {margin-right : 40px;margin-left : 40px;}}<\/style><\/div><div class=\"fusion-layout-column fusion_builder_column fusion-builder-column-1 awb-sticky awb-sticky-small awb-sticky-medium awb-sticky-large fusion_builder_column_1_3 1_3 fusion-flex-column\"><div class=\"fusion-column-wrapper fusion-flex-justify-content-flex-start fusion-content-layout-column\" style=\"background-position:left top;background-repeat:no-repeat;-webkit-background-size:cover;-moz-background-size:cover;-o-background-size:cover;background-size:cover;padding: 0px 0px 0px 0px;\"><style type=\"text\/css\">@media only screen and (max-width:1024px) {.fusion-title.fusion-title-2{margin-top:10px!important; margin-right:0px!important;margin-bottom:15px!important;margin-left:0px!important;}}@media only screen and (max-width:640px) {.fusion-title.fusion-title-2{margin-top:10px!important; margin-right:0px!important;margin-bottom:10px!important; margin-left:0px!important;}}<\/style><div class=\"fusion-title title fusion-title-2 fusion-sep-none fusion-title-center fusion-title-text fusion-title-size-two\" style=\"font-size:16px;margin-top:10px;margin-right:0px;margin-bottom:15px;margin-left:0px;\"><h2 class=\"title-heading-center\" style=\"margin:0;font-size:1em;text-transform:capitalize;\">IPN\/IPE Profile Specifications<\/h2><\/div><div class=\"fusion-separator fusion-full-width-sep\" style=\"align-self: center;margin-left: auto;margin-right: auto;margin-top:10px;margin-bottom:10px;width:100%;\"><\/div><div ><style>.imageframe-liftup.imageframe-3:before{border-radius:6px;}<\/style><div class=\"awb-image-frame awb-image-frame-3 imageframe-liftup imageframe-3\"><span class=\" fusion-imageframe imageframe-none imageframe-3\" style=\"border-radius:6px;\"><img decoding=\"async\" width=\"242\" height=\"197\" title=\"IPN\" src=\"data:image\/svg+xml,%3Csvg%20xmlns%3D%27http%3A%2F%2Fwww.w3.org%2F2000%2Fsvg%27%20width%3D%27242%27%20height%3D%27197%27%20viewBox%3D%270%200%20242%20197%27%3E%3Crect%20width%3D%27242%27%20height%3D%27197%27%20fill-opacity%3D%220%22%2F%3E%3C%2Fsvg%3E\" data-orig-src=\"https:\/\/arslanprofil.com\/wp-content\/uploads\/2022\/12\/IPN.svg\" alt class=\"lazyload img-responsive wp-image-6728\"\/><\/span><\/div><\/div><div class=\"fusion-separator fusion-full-width-sep\" style=\"align-self: center;margin-left: auto;margin-right: auto;margin-top:10px;margin-bottom:10px;width:100%;\"><\/div>\n<div class=\"table-2\">\n<table width=\"100%\">\n<thead>\n<tr>\n<th align=\"left\">Dimension (mm)<\/th>\n<th align=\"left\"><\/th>\n<th align=\"left\">Weight kg\/m)<\/th>\n<\/tr>\n<\/thead>\n<tbody>\n<tr>\n<td>80<\/td>\n<td>80 x 42 x 3.9<\/td>\n<td>5,95<\/td>\n<\/tr>\n<tr>\n<td>100<\/td>\n<td>100 x 50 x 4.5<\/td>\n<td>8,32<\/td>\n<\/tr>\n<tr>\n<td>120<\/td>\n<td>120 x 58 x 5.1<\/td>\n<td>11,2<\/td>\n<\/tr>\n<tr>\n<td>140<\/td>\n<td>140 x 66 x 5.7<\/td>\n<td>14,347<\/td>\n<\/tr>\n<tr>\n<td>160<\/td>\n<td>160 x 74 x 6.3<\/td>\n<td>17,9<\/td>\n<\/tr>\n<tr>\n<td>180<\/td>\n<td>180 x 82 x 6.9<\/td>\n<td>21,9<\/td>\n<\/tr>\n<tr>\n<td>200<\/td>\n<td>200 x 90 x 7.5<\/td>\n<td>26,2<\/td>\n<\/tr>\n<\/tbody>\n<\/table>\n<\/div>\n<div class=\"fusion-separator fusion-full-width-sep\" style=\"align-self: center;margin-left: auto;margin-right: auto;margin-top:10px;margin-bottom:10px;width:100%;\"><\/div><\/div><style type=\"text\/css\">.fusion-body .fusion-builder-column-1{width:33.333333333333% !important;margin-top : 0px;margin-bottom : 20px;}.fusion-builder-column-1 > .fusion-column-wrapper {padding-top : 0px !important;padding-right : 0px !important;margin-right : 40px;padding-bottom : 0px !important;padding-left : 0px !important;margin-left : 40px;}@media only screen and (max-width:1024px) {.fusion-body .fusion-builder-column-1{width:33.333333333333% !important;order : 0;}.fusion-builder-column-1 > .fusion-column-wrapper {margin-right : 40px;margin-left : 40px;}}@media only screen and (max-width:640px) {.fusion-body .fusion-builder-column-1{width:100% !important;order : 0;}.fusion-builder-column-1 > .fusion-column-wrapper {margin-right : 40px;margin-left : 40px;}}<\/style><\/div><div class=\"fusion-layout-column fusion_builder_column fusion-builder-column-2 fusion_builder_column_1_1 1_1 fusion-flex-column\"><div class=\"fusion-column-wrapper fusion-flex-justify-content-flex-start fusion-content-layout-column\" style=\"background-position:left top;background-repeat:no-repeat;-webkit-background-size:cover;-moz-background-size:cover;-o-background-size:cover;background-size:cover;padding: 0px 0px 0px 0px;\"><div class=\"fusion-separator fusion-full-width-sep\" style=\"align-self: center;margin-left: auto;margin-right: auto;margin-top:20px;margin-bottom:20px;width:100%;\"><div class=\"fusion-separator-border sep-single sep-solid\" style=\"border-color:var(--awb-color3);border-top-width:1px;\"><\/div><\/div><\/div><style type=\"text\/css\">.fusion-body .fusion-builder-column-2{width:100% !important;margin-top : 0px;margin-bottom : 20px;}.fusion-builder-column-2 > .fusion-column-wrapper {padding-top : 0px !important;padding-right : 0px !important;margin-right : 40px;padding-bottom : 0px !important;padding-left : 0px !important;margin-left : 40px;}@media only screen and (max-width:1024px) {.fusion-body .fusion-builder-column-2{width:100% !important;order : 0;}.fusion-builder-column-2 > .fusion-column-wrapper {margin-right : 40px;margin-left : 40px;}}@media only screen and (max-width:640px) {.fusion-body .fusion-builder-column-2{width:100% !important;order : 0;}.fusion-builder-column-2 > .fusion-column-wrapper {margin-right : 40px;margin-left : 40px;}}<\/style><\/div><\/div><style type=\"text\/css\">.fusion-body .fusion-flex-container.fusion-builder-row-1{ padding-top : 0px;margin-top : 0px;padding-right : 0px;padding-bottom : 0px;margin-bottom : 0px;padding-left : 0px;}<\/style><\/div>\n","protected":false},"excerpt":{"rendered":"","protected":false},"author":2,"featured_media":0,"parent":0,"menu_order":0,"comment_status":"closed","ping_status":"closed","template":"100-width.php","meta":{"inline_featured_image":false,"_joinchat":[],"footnotes":""},"class_list":["post-6819","page","type-page","status-publish","hentry"],"yoast_head":"<!-- This site is optimized with the Yoast SEO plugin v22.8 - https:\/\/yoast.com\/wordpress\/plugins\/seo\/ -->\n<title>IPN\/IPE Profile - Arslan Profil<\/title>\n<meta name=\"robots\" content=\"index, follow, max-snippet:-1, max-image-preview:large, max-video-preview:-1\" \/>\n<link rel=\"canonical\" href=\"https:\/\/arslanprofil.com\/en\/ipn-ipe-profile\/\" \/>\n<meta property=\"og:locale\" content=\"en_US\" \/>\n<meta property=\"og:type\" content=\"article\" \/>\n<meta property=\"og:title\" content=\"IPN\/IPE Profile - Arslan Profil\" \/>\n<meta property=\"og:url\" content=\"https:\/\/arslanprofil.com\/en\/ipn-ipe-profile\/\" \/>\n<meta property=\"og:site_name\" content=\"Arslan Profil\" \/>\n<meta property=\"article:modified_time\" content=\"2023-08-09T07:19:44+00:00\" \/>\n<meta name=\"twitter:card\" content=\"summary_large_image\" \/>\n<meta name=\"twitter:label1\" content=\"Est. reading time\" \/>\n\t<meta name=\"twitter:data1\" content=\"18 minutes\" \/>\n<script type=\"application\/ld+json\" class=\"yoast-schema-graph\">{\"@context\":\"https:\/\/schema.org\",\"@graph\":[{\"@type\":\"WebPage\",\"@id\":\"https:\/\/arslanprofil.com\/en\/ipn-ipe-profile\/\",\"url\":\"https:\/\/arslanprofil.com\/en\/ipn-ipe-profile\/\",\"name\":\"IPN\/IPE Profile - Arslan Profil\",\"isPartOf\":{\"@id\":\"https:\/\/arslanprofil.com\/en\/#website\"},\"datePublished\":\"2022-12-19T11:47:13+00:00\",\"dateModified\":\"2023-08-09T07:19:44+00:00\",\"breadcrumb\":{\"@id\":\"https:\/\/arslanprofil.com\/en\/ipn-ipe-profile\/#breadcrumb\"},\"inLanguage\":\"en-US\",\"potentialAction\":[{\"@type\":\"ReadAction\",\"target\":[\"https:\/\/arslanprofil.com\/en\/ipn-ipe-profile\/\"]}]},{\"@type\":\"BreadcrumbList\",\"@id\":\"https:\/\/arslanprofil.com\/en\/ipn-ipe-profile\/#breadcrumb\",\"itemListElement\":[{\"@type\":\"ListItem\",\"position\":1,\"name\":\"Anasayfa\",\"item\":\"https:\/\/arslanprofil.com\/en\/home-page\/\"},{\"@type\":\"ListItem\",\"position\":2,\"name\":\"IPN\/IPE Profile\"}]},{\"@type\":\"WebSite\",\"@id\":\"https:\/\/arslanprofil.com\/en\/#website\",\"url\":\"https:\/\/arslanprofil.com\/en\/\",\"name\":\"Arslan Profil\",\"description\":\"Profil, Sac, Boru \u0130malat, \u0130thalat ve \u0130hracat\u0131\",\"publisher\":{\"@id\":\"https:\/\/arslanprofil.com\/en\/#organization\"},\"potentialAction\":[{\"@type\":\"SearchAction\",\"target\":{\"@type\":\"EntryPoint\",\"urlTemplate\":\"https:\/\/arslanprofil.com\/en\/?s={search_term_string}\"},\"query-input\":\"required name=search_term_string\"}],\"inLanguage\":\"en-US\"},{\"@type\":\"Organization\",\"@id\":\"https:\/\/arslanprofil.com\/en\/#organization\",\"name\":\"Arslan Profil\",\"url\":\"https:\/\/arslanprofil.com\/en\/\",\"logo\":{\"@type\":\"ImageObject\",\"inLanguage\":\"en-US\",\"@id\":\"https:\/\/arslanprofil.com\/en\/#\/schema\/logo\/image\/\",\"url\":\"https:\/\/arslanprofil.com\/wp-content\/uploads\/2022\/12\/arslan-profil-logo.png\",\"contentUrl\":\"https:\/\/arslanprofil.com\/wp-content\/uploads\/2022\/12\/arslan-profil-logo.png\",\"width\":356,\"height\":62,\"caption\":\"Arslan Profil\"},\"image\":{\"@id\":\"https:\/\/arslanprofil.com\/en\/#\/schema\/logo\/image\/\"}}]}<\/script>\n<!-- \/ Yoast SEO plugin. -->","yoast_head_json":{"title":"IPN\/IPE Profile - Arslan Profil","robots":{"index":"index","follow":"follow","max-snippet":"max-snippet:-1","max-image-preview":"max-image-preview:large","max-video-preview":"max-video-preview:-1"},"canonical":"https:\/\/arslanprofil.com\/en\/ipn-ipe-profile\/","og_locale":"en_US","og_type":"article","og_title":"IPN\/IPE Profile - Arslan Profil","og_url":"https:\/\/arslanprofil.com\/en\/ipn-ipe-profile\/","og_site_name":"Arslan Profil","article_modified_time":"2023-08-09T07:19:44+00:00","twitter_card":"summary_large_image","twitter_misc":{"Est. reading time":"18 minutes"},"schema":{"@context":"https:\/\/schema.org","@graph":[{"@type":"WebPage","@id":"https:\/\/arslanprofil.com\/en\/ipn-ipe-profile\/","url":"https:\/\/arslanprofil.com\/en\/ipn-ipe-profile\/","name":"IPN\/IPE Profile - Arslan Profil","isPartOf":{"@id":"https:\/\/arslanprofil.com\/en\/#website"},"datePublished":"2022-12-19T11:47:13+00:00","dateModified":"2023-08-09T07:19:44+00:00","breadcrumb":{"@id":"https:\/\/arslanprofil.com\/en\/ipn-ipe-profile\/#breadcrumb"},"inLanguage":"en-US","potentialAction":[{"@type":"ReadAction","target":["https:\/\/arslanprofil.com\/en\/ipn-ipe-profile\/"]}]},{"@type":"BreadcrumbList","@id":"https:\/\/arslanprofil.com\/en\/ipn-ipe-profile\/#breadcrumb","itemListElement":[{"@type":"ListItem","position":1,"name":"Anasayfa","item":"https:\/\/arslanprofil.com\/en\/home-page\/"},{"@type":"ListItem","position":2,"name":"IPN\/IPE Profile"}]},{"@type":"WebSite","@id":"https:\/\/arslanprofil.com\/en\/#website","url":"https:\/\/arslanprofil.com\/en\/","name":"Arslan Profil","description":"Profil, Sac, Boru \u0130malat, \u0130thalat ve \u0130hracat\u0131","publisher":{"@id":"https:\/\/arslanprofil.com\/en\/#organization"},"potentialAction":[{"@type":"SearchAction","target":{"@type":"EntryPoint","urlTemplate":"https:\/\/arslanprofil.com\/en\/?s={search_term_string}"},"query-input":"required name=search_term_string"}],"inLanguage":"en-US"},{"@type":"Organization","@id":"https:\/\/arslanprofil.com\/en\/#organization","name":"Arslan Profil","url":"https:\/\/arslanprofil.com\/en\/","logo":{"@type":"ImageObject","inLanguage":"en-US","@id":"https:\/\/arslanprofil.com\/en\/#\/schema\/logo\/image\/","url":"https:\/\/arslanprofil.com\/wp-content\/uploads\/2022\/12\/arslan-profil-logo.png","contentUrl":"https:\/\/arslanprofil.com\/wp-content\/uploads\/2022\/12\/arslan-profil-logo.png","width":356,"height":62,"caption":"Arslan Profil"},"image":{"@id":"https:\/\/arslanprofil.com\/en\/#\/schema\/logo\/image\/"}}]}},"_links":{"self":[{"href":"https:\/\/arslanprofil.com\/en\/wp-json\/wp\/v2\/pages\/6819","targetHints":{"allow":["GET"]}}],"collection":[{"href":"https:\/\/arslanprofil.com\/en\/wp-json\/wp\/v2\/pages"}],"about":[{"href":"https:\/\/arslanprofil.com\/en\/wp-json\/wp\/v2\/types\/page"}],"author":[{"embeddable":true,"href":"https:\/\/arslanprofil.com\/en\/wp-json\/wp\/v2\/users\/2"}],"replies":[{"embeddable":true,"href":"https:\/\/arslanprofil.com\/en\/wp-json\/wp\/v2\/comments?post=6819"}],"version-history":[{"count":4,"href":"https:\/\/arslanprofil.com\/en\/wp-json\/wp\/v2\/pages\/6819\/revisions"}],"predecessor-version":[{"id":6824,"href":"https:\/\/arslanprofil.com\/en\/wp-json\/wp\/v2\/pages\/6819\/revisions\/6824"}],"wp:attachment":[{"href":"https:\/\/arslanprofil.com\/en\/wp-json\/wp\/v2\/media?parent=6819"}],"curies":[{"name":"wp","href":"https:\/\/api.w.org\/{rel}","templated":true}]}}