{"id":6856,"date":"2022-12-19T14:01:44","date_gmt":"2022-12-19T11:01:44","guid":{"rendered":"https:\/\/arslanprofil.com\/lama\/"},"modified":"2023-08-09T10:39:01","modified_gmt":"2023-08-09T07:39:01","slug":"lama","status":"publish","type":"page","link":"https:\/\/arslanprofil.com\/en\/lama\/","title":{"rendered":"Lama"},"content":{"rendered":"<div class=\"fusion-fullwidth fullwidth-box fusion-builder-row-1 fusion-flex-container nonhundred-percent-fullwidth non-hundred-percent-height-scrolling\" style=\"background-color: rgba(255,255,255,0);background-position: center center;background-repeat: no-repeat;border-width: 0px 0px 0px 0px;border-color:var(--awb-color3);border-style:solid;\" ><div class=\"fusion-builder-row fusion-row fusion-flex-align-items-flex-start\" style=\"max-width:calc( 1200px + 80px );margin-left: calc(-80px \/ 2 );margin-right: calc(-80px \/ 2 );\"><div class=\"fusion-layout-column fusion_builder_column fusion-builder-column-0 fusion_builder_column_2_3 2_3 fusion-flex-column\"><div class=\"fusion-column-wrapper fusion-flex-justify-content-flex-start fusion-content-layout-column\" style=\"background-position:left top;background-repeat:no-repeat;-webkit-background-size:cover;-moz-background-size:cover;-o-background-size:cover;background-size:cover;padding: 0px 0px 0px 0px;\"><style type=\"text\/css\">@media only screen and (max-width:1024px) {.fusion-title.fusion-title-1{margin-top:10px!important; margin-right:0px!important;margin-bottom:15px!important;margin-left:0px!important;}}@media only screen and (max-width:640px) {.fusion-title.fusion-title-1{margin-top:10px!important; margin-right:0px!important;margin-bottom:10px!important; margin-left:0px!important;}}<\/style><div class=\"fusion-title title fusion-title-1 fusion-sep-none fusion-title-text fusion-title-size-two\" style=\"margin-top:10px;margin-right:0px;margin-bottom:15px;margin-left:0px;\"><h2 class=\"title-heading-left\" style=\"margin:0;text-transform:capitalize;\">What is a Lama?<\/h2><\/div><div class=\"fusion-text fusion-text-1\"><p><span style=\"font-size: 16px;\">Lama is a hot rolled flat iron and steel material with a rectangular shape and a perpendicular cross-section with respect to the longitudinal axis. The edges of the steel slats are as sharp as the hot rolling method allows. They are generally used in steel constructions and as support elements of steel structures.<\/span><\/p>\n<div>\n<p>Llama production is between 6-12 m as standard. It can also be produced in special sizes upon request.<\/p>\n<\/div>\n<h3><strong>What is Steel Lama<\/strong><\/h3>\n<div>\n<p>A lama is a steel member with a rectangular cross-section. It has more thickness than steel plate. Stainless steel flat bars are hot rolled and feature large thickness, high strength and corrosion resistance. They are used in applications such as bolt and welded joints of steel elements, strengthening the cross-sections of steel profiles and obtaining structural sections by welding them together.<\/p>\n<p>St37 (S235JR), St44 (S275JR), St52 (S355JR), St60 (E335), SAE 1010, SAE 1020, SAE 1030 SAE 1040, etc. Steel grades such as steel grades are the most widely used steel grades produced in the form of steel bars.<\/p>\n<p>Sheets of different types and thicknesses are called lamellae. Llamas are grouped among themselves as follows.<\/p>\n<\/div>\n<ul>\n<li>Narrow Slabs: Sheets with a thickness ranging between 5 and 60 mm and a width ranging between 10 and 150 mm.<\/li>\n<li>Wide Slabs: Sheets with a thickness ranging from 0.1 mm to 5 mm and a width ranging from 151 mm to 1250 mm.<\/li>\n<li>Thin Slabs: Sheets with a thickness ranging from 0.1 mm to 5 mm and a width ranging from 12 to 630 mm.<\/li>\n<\/ul>\n<h4><strong>Lama Usage Areas<\/strong><\/h4>\n<p>Slabs are widely used in steel structures, machinery manufacturing and the automotive industry. Other areas of use are as follows;<\/p>\n<ul>\n<li>Architectural steel structures,<\/li>\n<li>Automotive sector,<\/li>\n<li>Connection points,<\/li>\n<li>Mechanical carrier bodies,<\/li>\n<li>Bodies of machine parts,<\/li>\n<li>Defense industry<\/li>\n<li>Structural supports,<\/li>\n<li>Engine and engine components<\/li>\n<li>Food industry and food and beverage service areas<\/li>\n<li>Medical device industries<\/li>\n<li>Petro-Chemical Industry<\/li>\n<\/ul>\n<\/div><div class=\"fusion-builder-row fusion-builder-row-inner fusion-row fusion-flex-align-items-flex-start\" style=\"width:calc( 100% + 80px ) !important;max-width:calc( 100% + 80px ) !important;margin-left: calc(-80px \/ 2 );margin-right: calc(-80px \/ 2 );\"><div class=\"fusion-layout-column fusion_builder_column_inner fusion-builder-nested-column-0 fusion_builder_column_inner_1_2 1_2 fusion-flex-column\"><div class=\"fusion-column-wrapper fusion-flex-justify-content-flex-start fusion-content-layout-column\" style=\"background-position:left top;background-repeat:no-repeat;-webkit-background-size:cover;-moz-background-size:cover;-o-background-size:cover;background-size:cover;padding: 0px 0px 0px 0px;\"><div ><span class=\" fusion-imageframe imageframe-none imageframe-1 hover-type-none\"><img decoding=\"async\" width=\"677\" height=\"317\" title=\"Lama_Demir\" src=\"https:\/\/arslanprofil.com\/wp-content\/uploads\/2022\/12\/Lama_Demir.jpg\" data-orig-src=\"https:\/\/arslanprofil.com\/wp-content\/uploads\/2022\/12\/Lama_Demir.jpg\" alt class=\"lazyload img-responsive wp-image-6628\" srcset=\"data:image\/svg+xml,%3Csvg%20xmlns%3D%27http%3A%2F%2Fwww.w3.org%2F2000%2Fsvg%27%20width%3D%27677%27%20height%3D%27317%27%20viewBox%3D%270%200%20677%20317%27%3E%3Crect%20width%3D%27677%27%20height%3D%27317%27%20fill-opacity%3D%220%22%2F%3E%3C%2Fsvg%3E\" data-srcset=\"https:\/\/arslanprofil.com\/wp-content\/uploads\/2022\/12\/Lama_Demir-200x94.jpg 200w, https:\/\/arslanprofil.com\/wp-content\/uploads\/2022\/12\/Lama_Demir-400x187.jpg 400w, https:\/\/arslanprofil.com\/wp-content\/uploads\/2022\/12\/Lama_Demir-600x281.jpg 600w, https:\/\/arslanprofil.com\/wp-content\/uploads\/2022\/12\/Lama_Demir.jpg 677w\" data-sizes=\"auto\" data-orig-sizes=\"(max-width: 640px) 100vw, 600px\" \/><\/span><\/div><\/div><style type=\"text\/css\">.fusion-body .fusion-builder-nested-column-0{width:50% !important;margin-top : 0px;margin-bottom : 20px;}.fusion-builder-nested-column-0 > .fusion-column-wrapper {padding-top : 0px !important;padding-right : 0px !important;margin-right : 40px;padding-bottom : 0px !important;padding-left : 0px !important;margin-left : 40px;}@media only screen and (max-width:1024px) {.fusion-body .fusion-builder-nested-column-0{width:50% !important;order : 0;}.fusion-builder-nested-column-0 > .fusion-column-wrapper {margin-right : 40px;margin-left : 40px;}}@media only screen and (max-width:640px) {.fusion-body .fusion-builder-nested-column-0{width:100% !important;order : 0;}.fusion-builder-nested-column-0 > .fusion-column-wrapper {margin-right : 40px;margin-left : 40px;}}<\/style><\/div><div class=\"fusion-layout-column fusion_builder_column_inner fusion-builder-nested-column-1 fusion_builder_column_inner_1_2 1_2 fusion-flex-column\"><div class=\"fusion-column-wrapper fusion-flex-justify-content-flex-start fusion-content-layout-column\" style=\"background-position:left top;background-repeat:no-repeat;-webkit-background-size:cover;-moz-background-size:cover;-o-background-size:cover;background-size:cover;padding: 0px 0px 0px 0px;\"><div ><span class=\" fusion-imageframe imageframe-none imageframe-2 hover-type-none\"><img decoding=\"async\" width=\"677\" height=\"317\" title=\"Lama_Demir\" src=\"https:\/\/arslanprofil.com\/wp-content\/uploads\/2022\/12\/Lama_Demir.jpg\" data-orig-src=\"https:\/\/arslanprofil.com\/wp-content\/uploads\/2022\/12\/Lama_Demir.jpg\" alt class=\"lazyload img-responsive wp-image-6628\" srcset=\"data:image\/svg+xml,%3Csvg%20xmlns%3D%27http%3A%2F%2Fwww.w3.org%2F2000%2Fsvg%27%20width%3D%27677%27%20height%3D%27317%27%20viewBox%3D%270%200%20677%20317%27%3E%3Crect%20width%3D%27677%27%20height%3D%27317%27%20fill-opacity%3D%220%22%2F%3E%3C%2Fsvg%3E\" data-srcset=\"https:\/\/arslanprofil.com\/wp-content\/uploads\/2022\/12\/Lama_Demir-200x94.jpg 200w, https:\/\/arslanprofil.com\/wp-content\/uploads\/2022\/12\/Lama_Demir-400x187.jpg 400w, https:\/\/arslanprofil.com\/wp-content\/uploads\/2022\/12\/Lama_Demir-600x281.jpg 600w, https:\/\/arslanprofil.com\/wp-content\/uploads\/2022\/12\/Lama_Demir.jpg 677w\" data-sizes=\"auto\" data-orig-sizes=\"(max-width: 640px) 100vw, 600px\" \/><\/span><\/div><\/div><style type=\"text\/css\">.fusion-body .fusion-builder-nested-column-1{width:50% !important;margin-top : 0px;margin-bottom : 20px;}.fusion-builder-nested-column-1 > .fusion-column-wrapper {padding-top : 0px !important;padding-right : 0px !important;margin-right : 40px;padding-bottom : 0px !important;padding-left : 0px !important;margin-left : 40px;}@media only screen and (max-width:1024px) {.fusion-body .fusion-builder-nested-column-1{width:50% !important;order : 0;}.fusion-builder-nested-column-1 > .fusion-column-wrapper {margin-right : 40px;margin-left : 40px;}}@media only screen and (max-width:640px) {.fusion-body .fusion-builder-nested-column-1{width:100% !important;order : 0;}.fusion-builder-nested-column-1 > .fusion-column-wrapper {margin-right : 40px;margin-left : 40px;}}<\/style><\/div><\/div><\/div><style type=\"text\/css\">.fusion-body .fusion-builder-column-0{width:66.666666666667% !important;margin-top : 0px;margin-bottom : 20px;}.fusion-builder-column-0 > .fusion-column-wrapper {padding-top : 0px !important;padding-right : 0px !important;margin-right : 40px;padding-bottom : 0px !important;padding-left : 0px !important;margin-left : 40px;}@media only screen and (max-width:1024px) {.fusion-body .fusion-builder-column-0{width:66.666666666667% !important;order : 0;}.fusion-builder-column-0 > .fusion-column-wrapper {margin-right : 40px;margin-left : 40px;}}@media only screen and (max-width:640px) {.fusion-body .fusion-builder-column-0{width:100% !important;order : 0;}.fusion-builder-column-0 > .fusion-column-wrapper {margin-right : 40px;margin-left : 40px;}}<\/style><\/div><div class=\"fusion-layout-column fusion_builder_column fusion-builder-column-1 awb-sticky awb-sticky-small awb-sticky-medium awb-sticky-large fusion_builder_column_1_3 1_3 fusion-flex-column\"><div class=\"fusion-column-wrapper fusion-flex-justify-content-flex-start fusion-content-layout-column\" style=\"background-position:left top;background-repeat:no-repeat;-webkit-background-size:cover;-moz-background-size:cover;-o-background-size:cover;background-size:cover;padding: 0px 0px 0px 0px;\"><style type=\"text\/css\">@media only screen and (max-width:1024px) {.fusion-title.fusion-title-2{margin-top:10px!important; margin-right:0px!important;margin-bottom:15px!important;margin-left:0px!important;}}@media only screen and (max-width:640px) {.fusion-title.fusion-title-2{margin-top:10px!important; margin-right:0px!important;margin-bottom:10px!important; margin-left:0px!important;}}<\/style><div class=\"fusion-title title fusion-title-2 fusion-sep-none fusion-title-center fusion-title-text fusion-title-size-two\" style=\"font-size:16px;margin-top:10px;margin-right:0px;margin-bottom:15px;margin-left:0px;\"><h2 class=\"title-heading-center\" style=\"margin:0;font-size:1em;text-transform:capitalize;\">Llama Features<\/h2><\/div><div class=\"fusion-separator fusion-full-width-sep\" style=\"align-self: center;margin-left: auto;margin-right: auto;margin-top:10px;margin-bottom:10px;width:100%;\"><\/div><div ><style>.imageframe-liftup.imageframe-3:before{border-radius:6px;}<\/style><div class=\"awb-image-frame awb-image-frame-3 imageframe-liftup imageframe-3\"><span class=\" fusion-imageframe imageframe-none imageframe-3\" style=\"border-radius:6px;\"><img decoding=\"async\" width=\"194\" height=\"93\" title=\"Lama\" src=\"data:image\/svg+xml,%3Csvg%20xmlns%3D%27http%3A%2F%2Fwww.w3.org%2F2000%2Fsvg%27%20width%3D%27194%27%20height%3D%2793%27%20viewBox%3D%270%200%20194%2093%27%3E%3Crect%20width%3D%27194%27%20height%3D%2793%27%20fill-opacity%3D%220%22%2F%3E%3C%2Fsvg%3E\" data-orig-src=\"https:\/\/arslanprofil.com\/wp-content\/uploads\/2022\/12\/Lama.svg\" alt class=\"lazyload img-responsive wp-image-6722\"\/><\/span><\/div><\/div><div class=\"fusion-separator fusion-full-width-sep\" style=\"align-self: center;margin-left: auto;margin-right: auto;margin-top:10px;margin-bottom:10px;width:100%;\"><\/div>\n<div class=\"table-2\">\n<table width=\"100%\">\n<thead>\n<tr>\n<th align=\"left\">Dimension (mm)<\/th>\n<th align=\"left\">Weight kg\/m)<\/th>\n<\/tr>\n<\/thead>\n<tbody>\n<tr>\n<td>12 x 4<\/td>\n<td>0,337<\/td>\n<\/tr>\n<tr>\n<td>12 x 5<\/td>\n<td>0,417<\/td>\n<\/tr>\n<tr>\n<td>12 x 6<\/td>\n<td>0,565<\/td>\n<\/tr>\n<tr>\n<td>14 x 3<\/td>\n<td>0,33<\/td>\n<\/tr>\n<tr>\n<td>14 x 4<\/td>\n<td>0,44<\/td>\n<\/tr>\n<tr>\n<td>14 x 5<\/td>\n<td>0,55<\/td>\n<\/tr>\n<tr>\n<td>14 x 6<\/td>\n<td>0,659<\/td>\n<\/tr>\n<tr>\n<td>15 x 3<\/td>\n<td>0,353<\/td>\n<\/tr>\n<tr>\n<td>15 x 4<\/td>\n<td>0,471<\/td>\n<\/tr>\n<tr>\n<td>15 x 5<\/td>\n<td>0,589<\/td>\n<\/tr>\n<tr>\n<td>15 x 6<\/td>\n<td>0,706<\/td>\n<\/tr>\n<tr>\n<td>16 x 3<\/td>\n<td>0,377<\/td>\n<\/tr>\n<tr>\n<td>16 x 4<\/td>\n<td>0,502<\/td>\n<\/tr>\n<tr>\n<td>16 x 5<\/td>\n<td>0,628<\/td>\n<\/tr>\n<tr>\n<td>16 x 6<\/td>\n<td>0,754<\/td>\n<\/tr>\n<tr>\n<td>16 x 8<\/td>\n<td>1,005<\/td>\n<\/tr>\n<tr>\n<td>16 x 10<\/td>\n<td>1,256<\/td>\n<\/tr>\n<tr>\n<td>18 x 3<\/td>\n<td>0,424<\/td>\n<\/tr>\n<tr>\n<td>18 x 4<\/td>\n<td>0,565<\/td>\n<\/tr>\n<tr>\n<td>18 x 5<\/td>\n<td>0,706<\/td>\n<\/tr>\n<tr>\n<td>18 x 6<\/td>\n<td>0,848<\/td>\n<\/tr>\n<tr>\n<td>20 x 3<\/td>\n<td>0,471<\/td>\n<\/tr>\n<tr>\n<td>20 x 4<\/td>\n<td>0,628<\/td>\n<\/tr>\n<tr>\n<td>  20 x 5<\/td>\n<td>0,785<\/td>\n<\/tr>\n<tr>\n<td>20 x 6<\/td>\n<td>0,942<\/td>\n<\/tr>\n<tr>\n<td>20 x 8<\/td>\n<td>1,256<\/td>\n<\/tr>\n<tr>\n<td>20 x 10<\/td>\n<td>1,570<\/td>\n<\/tr>\n<tr>\n<td>25 x 3<\/td>\n<td>1,962<\/td>\n<\/tr>\n<tr>\n<td>25 x 4<\/td>\n<td>0,785<\/td>\n<\/tr>\n<tr>\n<td>25 x 5<\/td>\n<td>0,980<\/td>\n<\/tr>\n<tr>\n<td>25 x 6<\/td>\n<td>1,178<\/td>\n<\/tr>\n<tr>\n<td>25 x 8<\/td>\n<td>1,570<\/td>\n<\/tr>\n<tr>\n<td>25 x 10<\/td>\n<td>1,962<\/td>\n<\/tr>\n<\/tbody>\n<\/table>\n<\/div>\n<\/div><style type=\"text\/css\">.fusion-body .fusion-builder-column-1{width:33.333333333333% !important;margin-top : 0px;margin-bottom : 20px;}.fusion-builder-column-1 > .fusion-column-wrapper {padding-top : 0px !important;padding-right : 0px !important;margin-right : 40px;padding-bottom : 0px !important;padding-left : 0px !important;margin-left : 40px;}@media only screen and (max-width:1024px) {.fusion-body .fusion-builder-column-1{width:33.333333333333% !important;order : 0;}.fusion-builder-column-1 > .fusion-column-wrapper {margin-right : 40px;margin-left : 40px;}}@media only screen and (max-width:640px) {.fusion-body .fusion-builder-column-1{width:100% !important;order : 0;}.fusion-builder-column-1 > .fusion-column-wrapper {margin-right : 40px;margin-left : 40px;}}<\/style><\/div><div class=\"fusion-layout-column fusion_builder_column fusion-builder-column-2 fusion_builder_column_1_1 1_1 fusion-flex-column\"><div class=\"fusion-column-wrapper fusion-flex-justify-content-flex-start fusion-content-layout-column\" style=\"background-position:left top;background-repeat:no-repeat;-webkit-background-size:cover;-moz-background-size:cover;-o-background-size:cover;background-size:cover;padding: 0px 0px 0px 0px;\"><div class=\"fusion-separator fusion-full-width-sep\" style=\"align-self: center;margin-left: auto;margin-right: auto;margin-top:20px;margin-bottom:20px;width:100%;\"><div class=\"fusion-separator-border sep-single sep-solid\" style=\"border-color:var(--awb-color3);border-top-width:1px;\"><\/div><\/div><\/div><style type=\"text\/css\">.fusion-body .fusion-builder-column-2{width:100% !important;margin-top : 0px;margin-bottom : 20px;}.fusion-builder-column-2 > .fusion-column-wrapper {padding-top : 0px !important;padding-right : 0px !important;margin-right : 40px;padding-bottom : 0px !important;padding-left : 0px !important;margin-left : 40px;}@media only screen and (max-width:1024px) {.fusion-body .fusion-builder-column-2{width:100% !important;order : 0;}.fusion-builder-column-2 > .fusion-column-wrapper {margin-right : 40px;margin-left : 40px;}}@media only screen and (max-width:640px) {.fusion-body .fusion-builder-column-2{width:100% !important;order : 0;}.fusion-builder-column-2 > .fusion-column-wrapper {margin-right : 40px;margin-left : 40px;}}<\/style><\/div><\/div><style type=\"text\/css\">.fusion-body .fusion-flex-container.fusion-builder-row-1{ padding-top : 0px;margin-top : 0px;padding-right : 0px;padding-bottom : 0px;margin-bottom : 0px;padding-left : 0px;}<\/style><\/div>\n","protected":false},"excerpt":{"rendered":"","protected":false},"author":2,"featured_media":0,"parent":0,"menu_order":0,"comment_status":"closed","ping_status":"closed","template":"100-width.php","meta":{"inline_featured_image":false,"_joinchat":[],"footnotes":""},"class_list":["post-6856","page","type-page","status-publish","hentry"],"yoast_head":"<!-- This site is optimized with the Yoast SEO plugin v22.8 - https:\/\/yoast.com\/wordpress\/plugins\/seo\/ -->\n<title>Lama - Arslan Profil<\/title>\n<meta name=\"robots\" content=\"index, follow, max-snippet:-1, max-image-preview:large, max-video-preview:-1\" \/>\n<link rel=\"canonical\" href=\"https:\/\/arslanprofil.com\/en\/lama\/\" \/>\n<meta property=\"og:locale\" content=\"en_US\" \/>\n<meta property=\"og:type\" content=\"article\" \/>\n<meta property=\"og:title\" content=\"Lama - Arslan Profil\" \/>\n<meta property=\"og:url\" content=\"https:\/\/arslanprofil.com\/en\/lama\/\" \/>\n<meta property=\"og:site_name\" content=\"Arslan Profil\" \/>\n<meta property=\"article:modified_time\" content=\"2023-08-09T07:39:01+00:00\" \/>\n<meta name=\"twitter:card\" content=\"summary_large_image\" \/>\n<meta name=\"twitter:label1\" content=\"Est. reading time\" \/>\n\t<meta name=\"twitter:data1\" content=\"18 minutes\" \/>\n<script type=\"application\/ld+json\" class=\"yoast-schema-graph\">{\"@context\":\"https:\/\/schema.org\",\"@graph\":[{\"@type\":\"WebPage\",\"@id\":\"https:\/\/arslanprofil.com\/en\/lama\/\",\"url\":\"https:\/\/arslanprofil.com\/en\/lama\/\",\"name\":\"Lama - Arslan Profil\",\"isPartOf\":{\"@id\":\"https:\/\/arslanprofil.com\/en\/#website\"},\"datePublished\":\"2022-12-19T11:01:44+00:00\",\"dateModified\":\"2023-08-09T07:39:01+00:00\",\"breadcrumb\":{\"@id\":\"https:\/\/arslanprofil.com\/en\/lama\/#breadcrumb\"},\"inLanguage\":\"en-US\",\"potentialAction\":[{\"@type\":\"ReadAction\",\"target\":[\"https:\/\/arslanprofil.com\/en\/lama\/\"]}]},{\"@type\":\"BreadcrumbList\",\"@id\":\"https:\/\/arslanprofil.com\/en\/lama\/#breadcrumb\",\"itemListElement\":[{\"@type\":\"ListItem\",\"position\":1,\"name\":\"Anasayfa\",\"item\":\"https:\/\/arslanprofil.com\/en\/home-page\/\"},{\"@type\":\"ListItem\",\"position\":2,\"name\":\"Lama\"}]},{\"@type\":\"WebSite\",\"@id\":\"https:\/\/arslanprofil.com\/en\/#website\",\"url\":\"https:\/\/arslanprofil.com\/en\/\",\"name\":\"Arslan Profil\",\"description\":\"Profil, Sac, Boru \u0130malat, \u0130thalat ve \u0130hracat\u0131\",\"publisher\":{\"@id\":\"https:\/\/arslanprofil.com\/en\/#organization\"},\"potentialAction\":[{\"@type\":\"SearchAction\",\"target\":{\"@type\":\"EntryPoint\",\"urlTemplate\":\"https:\/\/arslanprofil.com\/en\/?s={search_term_string}\"},\"query-input\":\"required name=search_term_string\"}],\"inLanguage\":\"en-US\"},{\"@type\":\"Organization\",\"@id\":\"https:\/\/arslanprofil.com\/en\/#organization\",\"name\":\"Arslan Profil\",\"url\":\"https:\/\/arslanprofil.com\/en\/\",\"logo\":{\"@type\":\"ImageObject\",\"inLanguage\":\"en-US\",\"@id\":\"https:\/\/arslanprofil.com\/en\/#\/schema\/logo\/image\/\",\"url\":\"https:\/\/arslanprofil.com\/wp-content\/uploads\/2022\/12\/arslan-profil-logo.png\",\"contentUrl\":\"https:\/\/arslanprofil.com\/wp-content\/uploads\/2022\/12\/arslan-profil-logo.png\",\"width\":356,\"height\":62,\"caption\":\"Arslan Profil\"},\"image\":{\"@id\":\"https:\/\/arslanprofil.com\/en\/#\/schema\/logo\/image\/\"}}]}<\/script>\n<!-- \/ Yoast SEO plugin. -->","yoast_head_json":{"title":"Lama - Arslan Profil","robots":{"index":"index","follow":"follow","max-snippet":"max-snippet:-1","max-image-preview":"max-image-preview:large","max-video-preview":"max-video-preview:-1"},"canonical":"https:\/\/arslanprofil.com\/en\/lama\/","og_locale":"en_US","og_type":"article","og_title":"Lama - Arslan Profil","og_url":"https:\/\/arslanprofil.com\/en\/lama\/","og_site_name":"Arslan Profil","article_modified_time":"2023-08-09T07:39:01+00:00","twitter_card":"summary_large_image","twitter_misc":{"Est. reading time":"18 minutes"},"schema":{"@context":"https:\/\/schema.org","@graph":[{"@type":"WebPage","@id":"https:\/\/arslanprofil.com\/en\/lama\/","url":"https:\/\/arslanprofil.com\/en\/lama\/","name":"Lama - Arslan Profil","isPartOf":{"@id":"https:\/\/arslanprofil.com\/en\/#website"},"datePublished":"2022-12-19T11:01:44+00:00","dateModified":"2023-08-09T07:39:01+00:00","breadcrumb":{"@id":"https:\/\/arslanprofil.com\/en\/lama\/#breadcrumb"},"inLanguage":"en-US","potentialAction":[{"@type":"ReadAction","target":["https:\/\/arslanprofil.com\/en\/lama\/"]}]},{"@type":"BreadcrumbList","@id":"https:\/\/arslanprofil.com\/en\/lama\/#breadcrumb","itemListElement":[{"@type":"ListItem","position":1,"name":"Anasayfa","item":"https:\/\/arslanprofil.com\/en\/home-page\/"},{"@type":"ListItem","position":2,"name":"Lama"}]},{"@type":"WebSite","@id":"https:\/\/arslanprofil.com\/en\/#website","url":"https:\/\/arslanprofil.com\/en\/","name":"Arslan Profil","description":"Profil, Sac, Boru \u0130malat, \u0130thalat ve \u0130hracat\u0131","publisher":{"@id":"https:\/\/arslanprofil.com\/en\/#organization"},"potentialAction":[{"@type":"SearchAction","target":{"@type":"EntryPoint","urlTemplate":"https:\/\/arslanprofil.com\/en\/?s={search_term_string}"},"query-input":"required name=search_term_string"}],"inLanguage":"en-US"},{"@type":"Organization","@id":"https:\/\/arslanprofil.com\/en\/#organization","name":"Arslan Profil","url":"https:\/\/arslanprofil.com\/en\/","logo":{"@type":"ImageObject","inLanguage":"en-US","@id":"https:\/\/arslanprofil.com\/en\/#\/schema\/logo\/image\/","url":"https:\/\/arslanprofil.com\/wp-content\/uploads\/2022\/12\/arslan-profil-logo.png","contentUrl":"https:\/\/arslanprofil.com\/wp-content\/uploads\/2022\/12\/arslan-profil-logo.png","width":356,"height":62,"caption":"Arslan Profil"},"image":{"@id":"https:\/\/arslanprofil.com\/en\/#\/schema\/logo\/image\/"}}]}},"_links":{"self":[{"href":"https:\/\/arslanprofil.com\/en\/wp-json\/wp\/v2\/pages\/6856","targetHints":{"allow":["GET"]}}],"collection":[{"href":"https:\/\/arslanprofil.com\/en\/wp-json\/wp\/v2\/pages"}],"about":[{"href":"https:\/\/arslanprofil.com\/en\/wp-json\/wp\/v2\/types\/page"}],"author":[{"embeddable":true,"href":"https:\/\/arslanprofil.com\/en\/wp-json\/wp\/v2\/users\/2"}],"replies":[{"embeddable":true,"href":"https:\/\/arslanprofil.com\/en\/wp-json\/wp\/v2\/comments?post=6856"}],"version-history":[{"count":4,"href":"https:\/\/arslanprofil.com\/en\/wp-json\/wp\/v2\/pages\/6856\/revisions"}],"predecessor-version":[{"id":6860,"href":"https:\/\/arslanprofil.com\/en\/wp-json\/wp\/v2\/pages\/6856\/revisions\/6860"}],"wp:attachment":[{"href":"https:\/\/arslanprofil.com\/en\/wp-json\/wp\/v2\/media?parent=6856"}],"curies":[{"name":"wp","href":"https:\/\/api.w.org\/{rel}","templated":true}]}}